{"id":2129,"date":"2025-09-28T16:07:07","date_gmt":"2025-09-28T09:07:07","guid":{"rendered":"https:\/\/nongnghiepsobacquang.com\/?post_type=product&#038;p=2129"},"modified":"2025-12-08T17:34:45","modified_gmt":"2025-12-08T10:34:45","slug":"dich-vu-phun-thuoc-tru-sau-bang-may-bay-khong-nguoi-lai","status":"publish","type":"product","link":"https:\/\/nongnghiepsobacquang.com\/en\/product\/dich-vu-phun-thuoc-tru-sau-bang-may-bay-khong-nguoi-lai\/","title":{"rendered":"Phun thu\u1ed1c tr\u1eeb s\u00e2u b\u1eb1ng m\u00e1y bay"},"content":{"rendered":"<p data-path-to-node=\"12\"><b><img fetchpriority=\"high\" decoding=\"async\" class=\"alignnone wp-image-2481\" src=\"https:\/\/nongnghiepsobacquang.com\/wp-content\/uploads\/2025\/09\/may-bay-1-300x225.jpg\" alt=\"\" width=\"400\" height=\"300\" srcset=\"https:\/\/nongnghiepsobacquang.com\/wp-content\/uploads\/2025\/09\/may-bay-1-300x225.jpg 300w, https:\/\/nongnghiepsobacquang.com\/wp-content\/uploads\/2025\/09\/may-bay-1-1024x768.jpg 1024w, https:\/\/nongnghiepsobacquang.com\/wp-content\/uploads\/2025\/09\/may-bay-1-768x576.jpg 768w, https:\/\/nongnghiepsobacquang.com\/wp-content\/uploads\/2025\/09\/may-bay-1-1536x1152.jpg 1536w, https:\/\/nongnghiepsobacquang.com\/wp-content\/uploads\/2025\/09\/may-bay-1-2048x1536.jpg 2048w, https:\/\/nongnghiepsobacquang.com\/wp-content\/uploads\/2025\/09\/may-bay-1-16x12.jpg 16w, https:\/\/nongnghiepsobacquang.com\/wp-content\/uploads\/2025\/09\/may-bay-1-510x383.jpg 510w\" sizes=\"(max-width: 400px) 100vw, 400px\" \/><img decoding=\"async\" class=\"alignnone wp-image-2482\" src=\"https:\/\/nongnghiepsobacquang.com\/wp-content\/uploads\/2025\/09\/may-bay-2-300x225.jpg\" alt=\"\" width=\"400\" height=\"300\" srcset=\"https:\/\/nongnghiepsobacquang.com\/wp-content\/uploads\/2025\/09\/may-bay-2-300x225.jpg 300w, https:\/\/nongnghiepsobacquang.com\/wp-content\/uploads\/2025\/09\/may-bay-2-1024x767.jpg 1024w, https:\/\/nongnghiepsobacquang.com\/wp-content\/uploads\/2025\/09\/may-bay-2-768x575.jpg 768w, https:\/\/nongnghiepsobacquang.com\/wp-content\/uploads\/2025\/09\/may-bay-2-16x12.jpg 16w, https:\/\/nongnghiepsobacquang.com\/wp-content\/uploads\/2025\/09\/may-bay-2-510x382.jpg 510w, https:\/\/nongnghiepsobacquang.com\/wp-content\/uploads\/2025\/09\/may-bay-2.jpg 1276w\" sizes=\"(max-width: 400px) 100vw, 400px\" \/><\/b><\/p>\n<p data-path-to-node=\"12\"><b>D\u1ecaCH V\u1ee4 PHUN THU\u1ed0C B\u1eb0NG M\u00c1Y BAY<\/b><\/p>\n<p data-path-to-node=\"13\">H\u1ee3p t\u00e1c x\u00e3 N\u00f4ng nghi\u1ec7p s\u1ed1 huy\u1ec7n B\u1eafc Quang ti\u00ean phong cung c\u1ea5p gi\u1ea3i ph\u00e1p n\u00f4ng nghi\u1ec7p th\u00f4ng minh, \u0111\u01b0a m\u00e1y bay phun thu\u1ed1c v\u00e0o ph\u1ee5c v\u1ee5 s\u1ea3n xu\u1ea5t quy m\u00f4 l\u1edbn. Ch\u00fang t\u00f4i cung c\u1ea5p d\u1ecbch v\u1ee5 tr\u1ecdn g\u00f3i (Thu\u00ea m\u00e1y + Phi c\u00f4ng) ho\u1eb7c cho thu\u00ea thi\u1ebft b\u1ecb (\u0111\u1ed1i v\u1edbi kh\u00e1ch h\u00e0ng bi\u1ebft v\u1eadn h\u00e0nh).<\/p>\n<p data-path-to-node=\"14\"><b>T\u1ea1i sao ch\u1ecdn gi\u1ea3i ph\u00e1p c\u1ee7a ch\u00fang t\u00f4i?<\/b><\/p>\n<ol start=\"1\" data-path-to-node=\"15\">\n<li>\n<p data-path-to-node=\"15,0,0\"><b>Thi\u1ebft b\u1ecb hi\u1ec7n \u0111\u1ea1i:<\/b> S\u1eed d\u1ee5ng c\u00e1c d\u00f2ng m\u00e1y bay \u0111\u1eddi m\u1edbi nh\u1ea5t v\u1edbi c\u00f4ng su\u1ea5t l\u1edbn, radar tr\u00e1nh v\u1eadt c\u1ea3n \u0111a h\u01b0\u1edbng, ho\u1ea1t \u0111\u1ed9ng \u1ed5n \u0111\u1ecbnh c\u1ea3 ng\u00e0y l\u1eabn \u0111\u00eam.<\/p>\n<\/li>\n<li>\n<p data-path-to-node=\"15,1,0\"><b>C\u00f4ng ngh\u1ec7 phun ly t\u00e2m:<\/b> Gi\u00fap h\u1ea1t thu\u1ed1c si\u00eau m\u1ecbn, \u0111\u1ed9 th\u1ea9m th\u1ea5u cao, kh\u00f4ng b\u1ecb r\u1eeda tr\u00f4i, t\u0103ng hi\u1ec7u qu\u1ea3 di\u1ec7t tr\u1eeb s\u00e2u b\u1ec7nh.<\/p>\n<\/li>\n<li>\n<p data-path-to-node=\"15,2,0\"><b>Ti\u1ebft ki\u1ec7m chi ph\u00ed \u0111\u1ea7u v\u00e0o:<\/b> Gi\u1ea3m l\u01b0\u1ee3ng thu\u1ed1c s\u1eed d\u1ee5ng, gi\u1ea3m chi ph\u00ed nh\u00e2n c\u00f4ng, t\u1ed1i \u01b0u h\u00f3a l\u1ee3i nhu\u1eadn cho t\u1eebng v\u1ee5 m\u00f9a.<\/p>\n<\/li>\n<li>\n<p data-path-to-node=\"15,3,0\"><b>\u0110\u1ed9i ng\u0169 k\u1ef9 thu\u1eadt l\u00e0nh ngh\u1ec1:<\/b> Phi c\u00f4ng \u0111\u01b0\u1ee3c \u0111\u00e0o t\u1ea1o b\u00e0i b\u1ea3n, am hi\u1ec3u k\u1ef9 thu\u1eadt n\u00f4ng nghi\u1ec7p, \u0111\u1ea3m b\u1ea3o phun \u0111\u00fang li\u1ec1u l\u01b0\u1ee3ng, \u0111\u00fang k\u1ef9 thu\u1eadt.<\/p>\n<\/li>\n<\/ol>\n<p data-path-to-node=\"16\"><b>Ph\u1ea1m vi ph\u1ee5c v\u1ee5:<\/b> C\u00e2y l\u00faa, c\u00e2y hoa m\u00e0u, c\u00e2y \u0103n tr\u00e1i, c\u00e2y c\u00f4ng nghi\u1ec7p.<\/p>","protected":false},"excerpt":{"rendered":"<p>H\u1ee3p t\u00e1c x\u00e3 N\u00f4ng nghi\u1ec7p s\u1ed1 huy\u1ec7n B\u1eafc Quang ti\u00ean phong cung c\u1ea5p gi\u1ea3i ph\u00e1p n\u00f4ng nghi\u1ec7p th\u00f4ng minh, \u0111\u01b0a m\u00e1y bay phun thu\u1ed1c v\u00e0o ph\u1ee5c v\u1ee5 s\u1ea3n xu\u1ea5t quy m\u00f4 l\u1edbn.<\/p>","protected":false},"featured_media":2271,"comment_status":"open","ping_status":"closed","template":"","meta":[],"product_brand":[],"product_cat":[36],"product_tag":[],"class_list":{"0":"post-2129","1":"product","2":"type-product","3":"status-publish","4":"has-post-thumbnail","6":"product_cat-service","8":"first","9":"instock","10":"shipping-taxable","11":"product-type-simple"},"yoast_head":"<!-- This site is optimized with the Yoast SEO plugin v26.3 - https:\/\/yoast.com\/wordpress\/plugins\/seo\/ -->\n<title>Phun thu\u1ed1c tr\u1eeb s\u00e2u b\u1eb1ng m\u00e1y bay - HTX N\u00f4ng nghi\u1ec7p s\u1ed1 huy\u1ec7n B\u1eafc Quang | S\u1ea3n xu\u1ea5t v\u00e0 kinh doanh s\u1ea3n ph\u1ea9m n\u00f4ng nghi\u1ec7p - D\u1ecbch v\u1ee5 N\u00f4ng nghi\u1ec7p C\u00f4ng ngh\u1ec7 cao<\/title>\n<meta name=\"robots\" content=\"index, follow, max-snippet:-1, max-image-preview:large, max-video-preview:-1\" \/>\n<link rel=\"canonical\" href=\"https:\/\/nongnghiepsobacquang.com\/en\/product\/dich-vu-phun-thuoc-tru-sau-bang-may-bay-khong-nguoi-lai\/\" \/>\n<meta property=\"og:locale\" content=\"en_US\" \/>\n<meta property=\"og:type\" content=\"article\" \/>\n<meta property=\"og:title\" content=\"Phun thu\u1ed1c tr\u1eeb s\u00e2u b\u1eb1ng m\u00e1y bay - HTX N\u00f4ng nghi\u1ec7p s\u1ed1 huy\u1ec7n B\u1eafc Quang | S\u1ea3n xu\u1ea5t v\u00e0 kinh doanh s\u1ea3n ph\u1ea9m n\u00f4ng nghi\u1ec7p - D\u1ecbch v\u1ee5 N\u00f4ng nghi\u1ec7p C\u00f4ng ngh\u1ec7 cao\" \/>\n<meta property=\"og:description\" content=\"H\u1ee3p t\u00e1c x\u00e3 N\u00f4ng nghi\u1ec7p s\u1ed1 huy\u1ec7n B\u1eafc Quang ti\u00ean phong cung c\u1ea5p gi\u1ea3i ph\u00e1p n\u00f4ng nghi\u1ec7p th\u00f4ng minh, \u0111\u01b0a m\u00e1y bay phun thu\u1ed1c v\u00e0o ph\u1ee5c v\u1ee5 s\u1ea3n xu\u1ea5t quy m\u00f4 l\u1edbn.\" \/>\n<meta property=\"og:url\" content=\"https:\/\/nongnghiepsobacquang.com\/en\/product\/dich-vu-phun-thuoc-tru-sau-bang-may-bay-khong-nguoi-lai\/\" \/>\n<meta property=\"og:site_name\" content=\"HTX N\u00f4ng nghi\u1ec7p s\u1ed1 huy\u1ec7n B\u1eafc Quang | S\u1ea3n xu\u1ea5t v\u00e0 kinh doanh s\u1ea3n ph\u1ea9m n\u00f4ng nghi\u1ec7p - D\u1ecbch v\u1ee5 N\u00f4ng nghi\u1ec7p C\u00f4ng ngh\u1ec7 cao\" \/>\n<meta property=\"article:modified_time\" content=\"2025-12-08T10:34:45+00:00\" \/>\n<meta property=\"og:image\" content=\"https:\/\/nongnghiepsobacquang.com\/wp-content\/uploads\/2025\/09\/DJI-Agras-T50.jpg\" \/>\n\t<meta property=\"og:image:width\" content=\"600\" \/>\n\t<meta property=\"og:image:height\" content=\"400\" \/>\n\t<meta property=\"og:image:type\" content=\"image\/jpeg\" \/>\n<meta name=\"twitter:card\" content=\"summary_large_image\" \/>\n<meta name=\"twitter:label1\" content=\"Est. reading time\" \/>\n\t<meta name=\"twitter:data1\" content=\"2 minutes\" \/>\n<script type=\"application\/ld+json\" class=\"yoast-schema-graph\">{\"@context\":\"https:\/\/schema.org\",\"@graph\":[{\"@type\":\"WebPage\",\"@id\":\"https:\/\/nongnghiepsobacquang.com\/product\/dich-vu-phun-thuoc-tru-sau-bang-may-bay-khong-nguoi-lai\/\",\"url\":\"https:\/\/nongnghiepsobacquang.com\/product\/dich-vu-phun-thuoc-tru-sau-bang-may-bay-khong-nguoi-lai\/\",\"name\":\"Phun thu\u1ed1c tr\u1eeb s\u00e2u b\u1eb1ng m\u00e1y bay - HTX N\u00f4ng nghi\u1ec7p s\u1ed1 huy\u1ec7n B\u1eafc Quang | S\u1ea3n xu\u1ea5t v\u00e0 kinh doanh s\u1ea3n ph\u1ea9m n\u00f4ng nghi\u1ec7p - D\u1ecbch v\u1ee5 N\u00f4ng nghi\u1ec7p C\u00f4ng ngh\u1ec7 cao\",\"isPartOf\":{\"@id\":\"https:\/\/nongnghiepsobacquang.com\/#website\"},\"primaryImageOfPage\":{\"@id\":\"https:\/\/nongnghiepsobacquang.com\/product\/dich-vu-phun-thuoc-tru-sau-bang-may-bay-khong-nguoi-lai\/#primaryimage\"},\"image\":{\"@id\":\"https:\/\/nongnghiepsobacquang.com\/product\/dich-vu-phun-thuoc-tru-sau-bang-may-bay-khong-nguoi-lai\/#primaryimage\"},\"thumbnailUrl\":\"https:\/\/nongnghiepsobacquang.com\/wp-content\/uploads\/2025\/09\/DJI-Agras-T50.jpg\",\"datePublished\":\"2025-09-28T09:07:07+00:00\",\"dateModified\":\"2025-12-08T10:34:45+00:00\",\"breadcrumb\":{\"@id\":\"https:\/\/nongnghiepsobacquang.com\/product\/dich-vu-phun-thuoc-tru-sau-bang-may-bay-khong-nguoi-lai\/#breadcrumb\"},\"inLanguage\":\"en-US\",\"potentialAction\":[{\"@type\":\"ReadAction\",\"target\":[\"https:\/\/nongnghiepsobacquang.com\/product\/dich-vu-phun-thuoc-tru-sau-bang-may-bay-khong-nguoi-lai\/\"]}]},{\"@type\":\"ImageObject\",\"inLanguage\":\"en-US\",\"@id\":\"https:\/\/nongnghiepsobacquang.com\/product\/dich-vu-phun-thuoc-tru-sau-bang-may-bay-khong-nguoi-lai\/#primaryimage\",\"url\":\"https:\/\/nongnghiepsobacquang.com\/wp-content\/uploads\/2025\/09\/DJI-Agras-T50.jpg\",\"contentUrl\":\"https:\/\/nongnghiepsobacquang.com\/wp-content\/uploads\/2025\/09\/DJI-Agras-T50.jpg\",\"width\":600,\"height\":400},{\"@type\":\"BreadcrumbList\",\"@id\":\"https:\/\/nongnghiepsobacquang.com\/product\/dich-vu-phun-thuoc-tru-sau-bang-may-bay-khong-nguoi-lai\/#breadcrumb\",\"itemListElement\":[{\"@type\":\"ListItem\",\"position\":1,\"name\":\"Home\",\"item\":\"https:\/\/nongnghiepsobacquang.com\/\"},{\"@type\":\"ListItem\",\"position\":2,\"name\":\"C\u1eeda h\u00e0ng\",\"item\":\"https:\/\/nongnghiepsobacquang.com\/shop\/\"},{\"@type\":\"ListItem\",\"position\":3,\"name\":\"Phun thu\u1ed1c tr\u1eeb s\u00e2u b\u1eb1ng m\u00e1y bay\"}]},{\"@type\":\"WebSite\",\"@id\":\"https:\/\/nongnghiepsobacquang.com\/#website\",\"url\":\"https:\/\/nongnghiepsobacquang.com\/\",\"name\":\"H\u1ee3p t\u00e1c x\u00e3 N\u00f4ng nghi\u1ec7p s\u1ed1 huy\u1ec7n B\u1eafc Quang\",\"description\":\"H\u1ee3p t\u00e1c x\u00e3 N\u00f4ng nghi\u1ec7p s\u1ed1 huy\u1ec7n B\u1eafc Quang \u0111\u01b0\u1ee3c th\u00e0nh l\u1eadp ng\u00e0y 10 th\u00e1ng 02 n\u0103m 2022, ho\u1ea1t \u0111\u1ed9ng trong l\u0129nh v\u1ef1c li\u00ean k\u1ebft tr\u1ed3ng, s\u1ea3n xu\u1ea5t v\u00e0 kinh doanh c\u00e1c s\u1ea3n ph\u1ea9m v\u00e0 d\u1ecbch v\u1ee5 n\u00f4ng nghi\u1ec7p.\",\"publisher\":{\"@id\":\"https:\/\/nongnghiepsobacquang.com\/#organization\"},\"potentialAction\":[{\"@type\":\"SearchAction\",\"target\":{\"@type\":\"EntryPoint\",\"urlTemplate\":\"https:\/\/nongnghiepsobacquang.com\/?s={search_term_string}\"},\"query-input\":{\"@type\":\"PropertyValueSpecification\",\"valueRequired\":true,\"valueName\":\"search_term_string\"}}],\"inLanguage\":\"en-US\"},{\"@type\":\"Organization\",\"@id\":\"https:\/\/nongnghiepsobacquang.com\/#organization\",\"name\":\"H\u1ee3p t\u00e1c x\u00e3 N\u00f4ng nghi\u1ec7p s\u1ed1 huy\u1ec7n B\u1eafc Quang\",\"url\":\"https:\/\/nongnghiepsobacquang.com\/\",\"logo\":{\"@type\":\"ImageObject\",\"inLanguage\":\"en-US\",\"@id\":\"https:\/\/nongnghiepsobacquang.com\/#\/schema\/logo\/image\/\",\"url\":\"https:\/\/nongnghiepsobacquang.com\/wp-content\/uploads\/2025\/10\/cropped-icon-HTX-HG-01.png\",\"contentUrl\":\"https:\/\/nongnghiepsobacquang.com\/wp-content\/uploads\/2025\/10\/cropped-icon-HTX-HG-01.png\",\"width\":512,\"height\":512,\"caption\":\"H\u1ee3p t\u00e1c x\u00e3 N\u00f4ng nghi\u1ec7p s\u1ed1 huy\u1ec7n B\u1eafc Quang\"},\"image\":{\"@id\":\"https:\/\/nongnghiepsobacquang.com\/#\/schema\/logo\/image\/\"}}]}<\/script>\n<!-- \/ Yoast SEO plugin. -->","yoast_head_json":{"title":"Phun thu\u1ed1c tr\u1eeb s\u00e2u b\u1eb1ng m\u00e1y bay - HTX N\u00f4ng nghi\u1ec7p s\u1ed1 huy\u1ec7n B\u1eafc Quang | S\u1ea3n xu\u1ea5t v\u00e0 kinh doanh s\u1ea3n ph\u1ea9m n\u00f4ng nghi\u1ec7p - D\u1ecbch v\u1ee5 N\u00f4ng nghi\u1ec7p C\u00f4ng ngh\u1ec7 cao","robots":{"index":"index","follow":"follow","max-snippet":"max-snippet:-1","max-image-preview":"max-image-preview:large","max-video-preview":"max-video-preview:-1"},"canonical":"https:\/\/nongnghiepsobacquang.com\/en\/product\/dich-vu-phun-thuoc-tru-sau-bang-may-bay-khong-nguoi-lai\/","og_locale":"en_US","og_type":"article","og_title":"Phun thu\u1ed1c tr\u1eeb s\u00e2u b\u1eb1ng m\u00e1y bay - HTX N\u00f4ng nghi\u1ec7p s\u1ed1 huy\u1ec7n B\u1eafc Quang | S\u1ea3n xu\u1ea5t v\u00e0 kinh doanh s\u1ea3n ph\u1ea9m n\u00f4ng nghi\u1ec7p - D\u1ecbch v\u1ee5 N\u00f4ng nghi\u1ec7p C\u00f4ng ngh\u1ec7 cao","og_description":"H\u1ee3p t\u00e1c x\u00e3 N\u00f4ng nghi\u1ec7p s\u1ed1 huy\u1ec7n B\u1eafc Quang ti\u00ean phong cung c\u1ea5p gi\u1ea3i ph\u00e1p n\u00f4ng nghi\u1ec7p th\u00f4ng minh, \u0111\u01b0a m\u00e1y bay phun thu\u1ed1c v\u00e0o ph\u1ee5c v\u1ee5 s\u1ea3n xu\u1ea5t quy m\u00f4 l\u1edbn.","og_url":"https:\/\/nongnghiepsobacquang.com\/en\/product\/dich-vu-phun-thuoc-tru-sau-bang-may-bay-khong-nguoi-lai\/","og_site_name":"HTX N\u00f4ng nghi\u1ec7p s\u1ed1 huy\u1ec7n B\u1eafc Quang | S\u1ea3n xu\u1ea5t v\u00e0 kinh doanh s\u1ea3n ph\u1ea9m n\u00f4ng nghi\u1ec7p - D\u1ecbch v\u1ee5 N\u00f4ng nghi\u1ec7p C\u00f4ng ngh\u1ec7 cao","article_modified_time":"2025-12-08T10:34:45+00:00","og_image":[{"width":600,"height":400,"url":"https:\/\/nongnghiepsobacquang.com\/wp-content\/uploads\/2025\/09\/DJI-Agras-T50.jpg","type":"image\/jpeg"}],"twitter_card":"summary_large_image","twitter_misc":{"Est. reading time":"2 minutes"},"schema":{"@context":"https:\/\/schema.org","@graph":[{"@type":"WebPage","@id":"https:\/\/nongnghiepsobacquang.com\/product\/dich-vu-phun-thuoc-tru-sau-bang-may-bay-khong-nguoi-lai\/","url":"https:\/\/nongnghiepsobacquang.com\/product\/dich-vu-phun-thuoc-tru-sau-bang-may-bay-khong-nguoi-lai\/","name":"Phun thu\u1ed1c tr\u1eeb s\u00e2u b\u1eb1ng m\u00e1y bay - HTX N\u00f4ng nghi\u1ec7p s\u1ed1 huy\u1ec7n B\u1eafc Quang | S\u1ea3n xu\u1ea5t v\u00e0 kinh doanh s\u1ea3n ph\u1ea9m n\u00f4ng nghi\u1ec7p - D\u1ecbch v\u1ee5 N\u00f4ng nghi\u1ec7p C\u00f4ng ngh\u1ec7 cao","isPartOf":{"@id":"https:\/\/nongnghiepsobacquang.com\/#website"},"primaryImageOfPage":{"@id":"https:\/\/nongnghiepsobacquang.com\/product\/dich-vu-phun-thuoc-tru-sau-bang-may-bay-khong-nguoi-lai\/#primaryimage"},"image":{"@id":"https:\/\/nongnghiepsobacquang.com\/product\/dich-vu-phun-thuoc-tru-sau-bang-may-bay-khong-nguoi-lai\/#primaryimage"},"thumbnailUrl":"https:\/\/nongnghiepsobacquang.com\/wp-content\/uploads\/2025\/09\/DJI-Agras-T50.jpg","datePublished":"2025-09-28T09:07:07+00:00","dateModified":"2025-12-08T10:34:45+00:00","breadcrumb":{"@id":"https:\/\/nongnghiepsobacquang.com\/product\/dich-vu-phun-thuoc-tru-sau-bang-may-bay-khong-nguoi-lai\/#breadcrumb"},"inLanguage":"en-US","potentialAction":[{"@type":"ReadAction","target":["https:\/\/nongnghiepsobacquang.com\/product\/dich-vu-phun-thuoc-tru-sau-bang-may-bay-khong-nguoi-lai\/"]}]},{"@type":"ImageObject","inLanguage":"en-US","@id":"https:\/\/nongnghiepsobacquang.com\/product\/dich-vu-phun-thuoc-tru-sau-bang-may-bay-khong-nguoi-lai\/#primaryimage","url":"https:\/\/nongnghiepsobacquang.com\/wp-content\/uploads\/2025\/09\/DJI-Agras-T50.jpg","contentUrl":"https:\/\/nongnghiepsobacquang.com\/wp-content\/uploads\/2025\/09\/DJI-Agras-T50.jpg","width":600,"height":400},{"@type":"BreadcrumbList","@id":"https:\/\/nongnghiepsobacquang.com\/product\/dich-vu-phun-thuoc-tru-sau-bang-may-bay-khong-nguoi-lai\/#breadcrumb","itemListElement":[{"@type":"ListItem","position":1,"name":"Home","item":"https:\/\/nongnghiepsobacquang.com\/"},{"@type":"ListItem","position":2,"name":"C\u1eeda h\u00e0ng","item":"https:\/\/nongnghiepsobacquang.com\/shop\/"},{"@type":"ListItem","position":3,"name":"Phun thu\u1ed1c tr\u1eeb s\u00e2u b\u1eb1ng m\u00e1y bay"}]},{"@type":"WebSite","@id":"https:\/\/nongnghiepsobacquang.com\/#website","url":"https:\/\/nongnghiepsobacquang.com\/","name":"Bac Quang District Digital Agricultural Cooperative","description":"H\u1ee3p t\u00e1c x\u00e3 N\u00f4ng nghi\u1ec7p s\u1ed1 huy\u1ec7n B\u1eafc Quang \u0111\u01b0\u1ee3c th\u00e0nh l\u1eadp ng\u00e0y 10 th\u00e1ng 02 n\u0103m 2022, ho\u1ea1t \u0111\u1ed9ng trong l\u0129nh v\u1ef1c li\u00ean k\u1ebft tr\u1ed3ng, s\u1ea3n xu\u1ea5t v\u00e0 kinh doanh c\u00e1c s\u1ea3n ph\u1ea9m v\u00e0 d\u1ecbch v\u1ee5 n\u00f4ng nghi\u1ec7p.","publisher":{"@id":"https:\/\/nongnghiepsobacquang.com\/#organization"},"potentialAction":[{"@type":"SearchAction","target":{"@type":"EntryPoint","urlTemplate":"https:\/\/nongnghiepsobacquang.com\/?s={search_term_string}"},"query-input":{"@type":"PropertyValueSpecification","valueRequired":true,"valueName":"search_term_string"}}],"inLanguage":"en-US"},{"@type":"Organization","@id":"https:\/\/nongnghiepsobacquang.com\/#organization","name":"Bac Quang District Digital Agricultural Cooperative","url":"https:\/\/nongnghiepsobacquang.com\/","logo":{"@type":"ImageObject","inLanguage":"en-US","@id":"https:\/\/nongnghiepsobacquang.com\/#\/schema\/logo\/image\/","url":"https:\/\/nongnghiepsobacquang.com\/wp-content\/uploads\/2025\/10\/cropped-icon-HTX-HG-01.png","contentUrl":"https:\/\/nongnghiepsobacquang.com\/wp-content\/uploads\/2025\/10\/cropped-icon-HTX-HG-01.png","width":512,"height":512,"caption":"H\u1ee3p t\u00e1c x\u00e3 N\u00f4ng nghi\u1ec7p s\u1ed1 huy\u1ec7n B\u1eafc Quang"},"image":{"@id":"https:\/\/nongnghiepsobacquang.com\/#\/schema\/logo\/image\/"}}]}},"_links":{"self":[{"href":"https:\/\/nongnghiepsobacquang.com\/en\/wp-json\/wp\/v2\/product\/2129","targetHints":{"allow":["GET"]}}],"collection":[{"href":"https:\/\/nongnghiepsobacquang.com\/en\/wp-json\/wp\/v2\/product"}],"about":[{"href":"https:\/\/nongnghiepsobacquang.com\/en\/wp-json\/wp\/v2\/types\/product"}],"replies":[{"embeddable":true,"href":"https:\/\/nongnghiepsobacquang.com\/en\/wp-json\/wp\/v2\/comments?post=2129"}],"wp:featuredmedia":[{"embeddable":true,"href":"https:\/\/nongnghiepsobacquang.com\/en\/wp-json\/wp\/v2\/media\/2271"}],"wp:attachment":[{"href":"https:\/\/nongnghiepsobacquang.com\/en\/wp-json\/wp\/v2\/media?parent=2129"}],"wp:term":[{"taxonomy":"product_brand","embeddable":true,"href":"https:\/\/nongnghiepsobacquang.com\/en\/wp-json\/wp\/v2\/product_brand?post=2129"},{"taxonomy":"product_cat","embeddable":true,"href":"https:\/\/nongnghiepsobacquang.com\/en\/wp-json\/wp\/v2\/product_cat?post=2129"},{"taxonomy":"product_tag","embeddable":true,"href":"https:\/\/nongnghiepsobacquang.com\/en\/wp-json\/wp\/v2\/product_tag?post=2129"}],"curies":[{"name":"wp","href":"https:\/\/api.w.org\/{rel}","templated":true}]}}