{"id":2128,"date":"2025-09-28T16:06:24","date_gmt":"2025-09-28T09:06:24","guid":{"rendered":"https:\/\/nongnghiepsobacquang.com\/?post_type=product&#038;p=2128"},"modified":"2025-12-08T17:34:43","modified_gmt":"2025-12-08T10:34:43","slug":"ma-khay","status":"publish","type":"product","link":"https:\/\/nongnghiepsobacquang.com\/en\/product\/ma-khay\/","title":{"rendered":"Tray plating"},"content":{"rendered":"<p data-path-to-node=\"25\"><img fetchpriority=\"high\" decoding=\"async\" class=\"alignnone wp-image-2483\" src=\"https:\/\/nongnghiepsobacquang.com\/wp-content\/uploads\/2025\/09\/ma-khay-2-300x225.jpg\" alt=\"\" width=\"400\" height=\"301\" srcset=\"https:\/\/nongnghiepsobacquang.com\/wp-content\/uploads\/2025\/09\/ma-khay-2-300x225.jpg 300w, https:\/\/nongnghiepsobacquang.com\/wp-content\/uploads\/2025\/09\/ma-khay-2-1024x768.jpg 1024w, https:\/\/nongnghiepsobacquang.com\/wp-content\/uploads\/2025\/09\/ma-khay-2-768x576.jpg 768w, https:\/\/nongnghiepsobacquang.com\/wp-content\/uploads\/2025\/09\/ma-khay-2-16x12.jpg 16w, https:\/\/nongnghiepsobacquang.com\/wp-content\/uploads\/2025\/09\/ma-khay-2-510x383.jpg 510w, https:\/\/nongnghiepsobacquang.com\/wp-content\/uploads\/2025\/09\/ma-khay-2.jpg 1280w\" sizes=\"(max-width: 400px) 100vw, 400px\" \/><img decoding=\"async\" class=\"alignnone wp-image-2485\" src=\"https:\/\/nongnghiepsobacquang.com\/wp-content\/uploads\/2025\/09\/ma-khay-4-300x225.jpg\" alt=\"\" width=\"400\" height=\"300\" srcset=\"https:\/\/nongnghiepsobacquang.com\/wp-content\/uploads\/2025\/09\/ma-khay-4-300x225.jpg 300w, https:\/\/nongnghiepsobacquang.com\/wp-content\/uploads\/2025\/09\/ma-khay-4-1024x768.jpg 1024w, https:\/\/nongnghiepsobacquang.com\/wp-content\/uploads\/2025\/09\/ma-khay-4-768x576.jpg 768w, https:\/\/nongnghiepsobacquang.com\/wp-content\/uploads\/2025\/09\/ma-khay-4-16x12.jpg 16w, https:\/\/nongnghiepsobacquang.com\/wp-content\/uploads\/2025\/09\/ma-khay-4-510x383.jpg 510w, https:\/\/nongnghiepsobacquang.com\/wp-content\/uploads\/2025\/09\/ma-khay-4.jpg 1280w\" sizes=\"(max-width: 400px) 100vw, 400px\" \/><\/p>\n<p data-path-to-node=\"12\"><b>D\u1ecaCH V\u1ee4 B\u00c1N V\u00c0 CHO THU\u00ca M\u1ea0 KHAY<\/b><\/p>\n<p data-path-to-node=\"25\">H\u1ee3p t\u00e1c x\u00e3 N\u00f4ng nghi\u1ec7p s\u1ed1 huy\u1ec7n B\u1eafc Quang chuy\u00ean ph\u00e2n ph\u1ed1i v\u00e0 cho thu\u00ea khay nh\u1ef1a gieo m\u1ea1 ph\u1ee5c v\u1ee5 n\u00f4ng nghi\u1ec7p c\u00f4ng ngh\u1ec7 cao.<\/p>\n<p data-path-to-node=\"26\"><b>S\u1ea3n ph\u1ea9m &amp; D\u1ecbch v\u1ee5 c\u1ee7a ch\u00fang t\u00f4i:<\/b><\/p>\n<ul data-path-to-node=\"27\">\n<li>\n<p data-path-to-node=\"27,0,0\"><b>B\u00e1n khay m\u1ea1:<\/b> Cung c\u1ea5p khay nh\u1ef1a ch\u1ea5t l\u01b0\u1ee3ng v\u00e0 \u0111\u1ed9 b\u1ec1n cao. Thi\u1ebft k\u1ebf chuy\u00ean bi\u1ec7t gi\u00fap m\u1ea1 ph\u00e1t tri\u1ec3n b\u1ed9 r\u1ec5 m\u1ea1nh, kh\u00f4ng b\u1ecb v\u1ee1 b\u1ea7u khi \u0111\u01b0a v\u00e0o m\u00e1y.<\/p>\n<\/li>\n<li>\n<p data-path-to-node=\"27,1,0\"><b>Cho thu\u00ea khay m\u1ea1:<\/b> D\u1ecbch v\u1ee5 h\u1ed7 tr\u1ee3 c\u00e1c H\u1ee3p t\u00e1c x\u00e3 v\u00e0 b\u00e0 con n\u00f4ng d\u00e2n gi\u1ea3m b\u1edbt g\u00e1nh n\u1eb7ng chi ph\u00ed \u0111\u1ea7u v\u00e0o. Khay cho thu\u00ea lu\u00f4n \u0111\u1ea3m b\u1ea3o m\u1edbi, s\u1ea1ch s\u1ebd, kh\u00f4ng n\u1ee9t v\u1ee1.<\/p>\n<\/li>\n<\/ul>\n<p data-path-to-node=\"28\"><b>Cam k\u1ebft:<\/b><\/p>\n<ul data-path-to-node=\"29\">\n<li>\n<p data-path-to-node=\"29,0,0\">Gi\u00e1 c\u1ea3 t\u1ed1t nh\u1ea5t th\u1ecb tr\u01b0\u1eddng.<\/p>\n<\/li>\n<li>\n<p data-path-to-node=\"29,1,0\">Ngu\u1ed3n h\u00e0ng lu\u00f4n \u1ed5n \u0111\u1ecbnh, \u0111\u00e1p \u1ee9ng s\u1ed1 l\u01b0\u1ee3ng l\u1edbn kh\u1ea9n c\u1ea5p.<\/p>\n<\/li>\n<li>\n<p data-path-to-node=\"29,2,0\">H\u1ed7 tr\u1ee3 v\u1eadn chuy\u1ec3n t\u1eadn n\u01a1i.<\/p>\n<\/li>\n<\/ul>","protected":false},"excerpt":{"rendered":"<p>H\u1ee3p t\u00e1c x\u00e3 N\u00f4ng nghi\u1ec7p s\u1ed1 huy\u1ec7n B\u1eafc Quang chuy\u00ean ph\u00e2n ph\u1ed1i v\u00e0 cho thu\u00ea khay nh\u1ef1a gieo m\u1ea1 ph\u1ee5c v\u1ee5 n\u00f4ng nghi\u1ec7p c\u00f4ng ngh\u1ec7 cao.<\/p>","protected":false},"featured_media":2480,"comment_status":"open","ping_status":"closed","template":"","meta":[],"product_brand":[],"product_cat":[36],"product_tag":[],"class_list":{"0":"post-2128","1":"product","2":"type-product","3":"status-publish","4":"has-post-thumbnail","6":"product_cat-service","8":"first","9":"instock","10":"shipping-taxable","11":"product-type-simple"},"yoast_head":"<!-- This site is optimized with the Yoast SEO plugin v26.3 - https:\/\/yoast.com\/wordpress\/plugins\/seo\/ -->\n<title>M\u1ea1 khay - HTX N\u00f4ng nghi\u1ec7p s\u1ed1 huy\u1ec7n B\u1eafc Quang | S\u1ea3n xu\u1ea5t v\u00e0 kinh doanh s\u1ea3n ph\u1ea9m n\u00f4ng nghi\u1ec7p - D\u1ecbch v\u1ee5 N\u00f4ng nghi\u1ec7p C\u00f4ng ngh\u1ec7 cao<\/title>\n<meta name=\"robots\" content=\"index, follow, max-snippet:-1, max-image-preview:large, max-video-preview:-1\" \/>\n<link rel=\"canonical\" href=\"https:\/\/nongnghiepsobacquang.com\/en\/product\/ma-khay\/\" \/>\n<meta property=\"og:locale\" content=\"en_US\" \/>\n<meta property=\"og:type\" content=\"article\" \/>\n<meta property=\"og:title\" content=\"M\u1ea1 khay - HTX N\u00f4ng nghi\u1ec7p s\u1ed1 huy\u1ec7n B\u1eafc Quang | S\u1ea3n xu\u1ea5t v\u00e0 kinh doanh s\u1ea3n ph\u1ea9m n\u00f4ng nghi\u1ec7p - D\u1ecbch v\u1ee5 N\u00f4ng nghi\u1ec7p C\u00f4ng ngh\u1ec7 cao\" \/>\n<meta property=\"og:description\" content=\"H\u1ee3p t\u00e1c x\u00e3 N\u00f4ng nghi\u1ec7p s\u1ed1 huy\u1ec7n B\u1eafc Quang chuy\u00ean ph\u00e2n ph\u1ed1i v\u00e0 cho thu\u00ea khay nh\u1ef1a gieo m\u1ea1 ph\u1ee5c v\u1ee5 n\u00f4ng nghi\u1ec7p c\u00f4ng ngh\u1ec7 cao.\" \/>\n<meta property=\"og:url\" content=\"https:\/\/nongnghiepsobacquang.com\/en\/product\/ma-khay\/\" \/>\n<meta property=\"og:site_name\" content=\"HTX N\u00f4ng nghi\u1ec7p s\u1ed1 huy\u1ec7n B\u1eafc Quang | S\u1ea3n xu\u1ea5t v\u00e0 kinh doanh s\u1ea3n ph\u1ea9m n\u00f4ng nghi\u1ec7p - D\u1ecbch v\u1ee5 N\u00f4ng nghi\u1ec7p C\u00f4ng ngh\u1ec7 cao\" \/>\n<meta property=\"article:modified_time\" content=\"2025-12-08T10:34:43+00:00\" \/>\n<meta property=\"og:image\" content=\"https:\/\/nongnghiepsobacquang.com\/wp-content\/uploads\/2025\/09\/ma-khay-1.jpg\" \/>\n\t<meta property=\"og:image:width\" content=\"960\" \/>\n\t<meta property=\"og:image:height\" content=\"1280\" \/>\n\t<meta property=\"og:image:type\" content=\"image\/jpeg\" \/>\n<meta name=\"twitter:card\" content=\"summary_large_image\" \/>\n<meta name=\"twitter:label1\" content=\"Est. reading time\" \/>\n\t<meta name=\"twitter:data1\" content=\"2 minutes\" \/>\n<script type=\"application\/ld+json\" class=\"yoast-schema-graph\">{\"@context\":\"https:\/\/schema.org\",\"@graph\":[{\"@type\":\"WebPage\",\"@id\":\"https:\/\/nongnghiepsobacquang.com\/product\/ma-khay\/\",\"url\":\"https:\/\/nongnghiepsobacquang.com\/product\/ma-khay\/\",\"name\":\"M\u1ea1 khay - HTX N\u00f4ng nghi\u1ec7p s\u1ed1 huy\u1ec7n B\u1eafc Quang | S\u1ea3n xu\u1ea5t v\u00e0 kinh doanh s\u1ea3n ph\u1ea9m n\u00f4ng nghi\u1ec7p - D\u1ecbch v\u1ee5 N\u00f4ng nghi\u1ec7p C\u00f4ng ngh\u1ec7 cao\",\"isPartOf\":{\"@id\":\"https:\/\/nongnghiepsobacquang.com\/#website\"},\"primaryImageOfPage\":{\"@id\":\"https:\/\/nongnghiepsobacquang.com\/product\/ma-khay\/#primaryimage\"},\"image\":{\"@id\":\"https:\/\/nongnghiepsobacquang.com\/product\/ma-khay\/#primaryimage\"},\"thumbnailUrl\":\"https:\/\/nongnghiepsobacquang.com\/wp-content\/uploads\/2025\/09\/ma-khay-1.jpg\",\"datePublished\":\"2025-09-28T09:06:24+00:00\",\"dateModified\":\"2025-12-08T10:34:43+00:00\",\"breadcrumb\":{\"@id\":\"https:\/\/nongnghiepsobacquang.com\/product\/ma-khay\/#breadcrumb\"},\"inLanguage\":\"en-US\",\"potentialAction\":[{\"@type\":\"ReadAction\",\"target\":[\"https:\/\/nongnghiepsobacquang.com\/product\/ma-khay\/\"]}]},{\"@type\":\"ImageObject\",\"inLanguage\":\"en-US\",\"@id\":\"https:\/\/nongnghiepsobacquang.com\/product\/ma-khay\/#primaryimage\",\"url\":\"https:\/\/nongnghiepsobacquang.com\/wp-content\/uploads\/2025\/09\/ma-khay-1.jpg\",\"contentUrl\":\"https:\/\/nongnghiepsobacquang.com\/wp-content\/uploads\/2025\/09\/ma-khay-1.jpg\",\"width\":960,\"height\":1280},{\"@type\":\"BreadcrumbList\",\"@id\":\"https:\/\/nongnghiepsobacquang.com\/product\/ma-khay\/#breadcrumb\",\"itemListElement\":[{\"@type\":\"ListItem\",\"position\":1,\"name\":\"Home\",\"item\":\"https:\/\/nongnghiepsobacquang.com\/\"},{\"@type\":\"ListItem\",\"position\":2,\"name\":\"C\u1eeda h\u00e0ng\",\"item\":\"https:\/\/nongnghiepsobacquang.com\/shop\/\"},{\"@type\":\"ListItem\",\"position\":3,\"name\":\"M\u1ea1 khay\"}]},{\"@type\":\"WebSite\",\"@id\":\"https:\/\/nongnghiepsobacquang.com\/#website\",\"url\":\"https:\/\/nongnghiepsobacquang.com\/\",\"name\":\"H\u1ee3p t\u00e1c x\u00e3 N\u00f4ng nghi\u1ec7p s\u1ed1 huy\u1ec7n B\u1eafc Quang\",\"description\":\"H\u1ee3p t\u00e1c x\u00e3 N\u00f4ng nghi\u1ec7p s\u1ed1 huy\u1ec7n B\u1eafc Quang \u0111\u01b0\u1ee3c th\u00e0nh l\u1eadp ng\u00e0y 10 th\u00e1ng 02 n\u0103m 2022, ho\u1ea1t \u0111\u1ed9ng trong l\u0129nh v\u1ef1c li\u00ean k\u1ebft tr\u1ed3ng, s\u1ea3n xu\u1ea5t v\u00e0 kinh doanh c\u00e1c s\u1ea3n ph\u1ea9m v\u00e0 d\u1ecbch v\u1ee5 n\u00f4ng nghi\u1ec7p.\",\"publisher\":{\"@id\":\"https:\/\/nongnghiepsobacquang.com\/#organization\"},\"potentialAction\":[{\"@type\":\"SearchAction\",\"target\":{\"@type\":\"EntryPoint\",\"urlTemplate\":\"https:\/\/nongnghiepsobacquang.com\/?s={search_term_string}\"},\"query-input\":{\"@type\":\"PropertyValueSpecification\",\"valueRequired\":true,\"valueName\":\"search_term_string\"}}],\"inLanguage\":\"en-US\"},{\"@type\":\"Organization\",\"@id\":\"https:\/\/nongnghiepsobacquang.com\/#organization\",\"name\":\"H\u1ee3p t\u00e1c x\u00e3 N\u00f4ng nghi\u1ec7p s\u1ed1 huy\u1ec7n B\u1eafc Quang\",\"url\":\"https:\/\/nongnghiepsobacquang.com\/\",\"logo\":{\"@type\":\"ImageObject\",\"inLanguage\":\"en-US\",\"@id\":\"https:\/\/nongnghiepsobacquang.com\/#\/schema\/logo\/image\/\",\"url\":\"https:\/\/nongnghiepsobacquang.com\/wp-content\/uploads\/2025\/10\/cropped-icon-HTX-HG-01.png\",\"contentUrl\":\"https:\/\/nongnghiepsobacquang.com\/wp-content\/uploads\/2025\/10\/cropped-icon-HTX-HG-01.png\",\"width\":512,\"height\":512,\"caption\":\"H\u1ee3p t\u00e1c x\u00e3 N\u00f4ng nghi\u1ec7p s\u1ed1 huy\u1ec7n B\u1eafc Quang\"},\"image\":{\"@id\":\"https:\/\/nongnghiepsobacquang.com\/#\/schema\/logo\/image\/\"}}]}<\/script>\n<!-- \/ Yoast SEO plugin. -->","yoast_head_json":{"title":"M\u1ea1 khay - HTX N\u00f4ng nghi\u1ec7p s\u1ed1 huy\u1ec7n B\u1eafc Quang | S\u1ea3n xu\u1ea5t v\u00e0 kinh doanh s\u1ea3n ph\u1ea9m n\u00f4ng nghi\u1ec7p - D\u1ecbch v\u1ee5 N\u00f4ng nghi\u1ec7p C\u00f4ng ngh\u1ec7 cao","robots":{"index":"index","follow":"follow","max-snippet":"max-snippet:-1","max-image-preview":"max-image-preview:large","max-video-preview":"max-video-preview:-1"},"canonical":"https:\/\/nongnghiepsobacquang.com\/en\/product\/ma-khay\/","og_locale":"en_US","og_type":"article","og_title":"M\u1ea1 khay - HTX N\u00f4ng nghi\u1ec7p s\u1ed1 huy\u1ec7n B\u1eafc Quang | S\u1ea3n xu\u1ea5t v\u00e0 kinh doanh s\u1ea3n ph\u1ea9m n\u00f4ng nghi\u1ec7p - D\u1ecbch v\u1ee5 N\u00f4ng nghi\u1ec7p C\u00f4ng ngh\u1ec7 cao","og_description":"H\u1ee3p t\u00e1c x\u00e3 N\u00f4ng nghi\u1ec7p s\u1ed1 huy\u1ec7n B\u1eafc Quang chuy\u00ean ph\u00e2n ph\u1ed1i v\u00e0 cho thu\u00ea khay nh\u1ef1a gieo m\u1ea1 ph\u1ee5c v\u1ee5 n\u00f4ng nghi\u1ec7p c\u00f4ng ngh\u1ec7 cao.","og_url":"https:\/\/nongnghiepsobacquang.com\/en\/product\/ma-khay\/","og_site_name":"HTX N\u00f4ng nghi\u1ec7p s\u1ed1 huy\u1ec7n B\u1eafc Quang | S\u1ea3n xu\u1ea5t v\u00e0 kinh doanh s\u1ea3n ph\u1ea9m n\u00f4ng nghi\u1ec7p - D\u1ecbch v\u1ee5 N\u00f4ng nghi\u1ec7p C\u00f4ng ngh\u1ec7 cao","article_modified_time":"2025-12-08T10:34:43+00:00","og_image":[{"width":960,"height":1280,"url":"https:\/\/nongnghiepsobacquang.com\/wp-content\/uploads\/2025\/09\/ma-khay-1.jpg","type":"image\/jpeg"}],"twitter_card":"summary_large_image","twitter_misc":{"Est. reading time":"2 minutes"},"schema":{"@context":"https:\/\/schema.org","@graph":[{"@type":"WebPage","@id":"https:\/\/nongnghiepsobacquang.com\/product\/ma-khay\/","url":"https:\/\/nongnghiepsobacquang.com\/product\/ma-khay\/","name":"M\u1ea1 khay - HTX N\u00f4ng nghi\u1ec7p s\u1ed1 huy\u1ec7n B\u1eafc Quang | S\u1ea3n xu\u1ea5t v\u00e0 kinh doanh s\u1ea3n ph\u1ea9m n\u00f4ng nghi\u1ec7p - D\u1ecbch v\u1ee5 N\u00f4ng nghi\u1ec7p C\u00f4ng ngh\u1ec7 cao","isPartOf":{"@id":"https:\/\/nongnghiepsobacquang.com\/#website"},"primaryImageOfPage":{"@id":"https:\/\/nongnghiepsobacquang.com\/product\/ma-khay\/#primaryimage"},"image":{"@id":"https:\/\/nongnghiepsobacquang.com\/product\/ma-khay\/#primaryimage"},"thumbnailUrl":"https:\/\/nongnghiepsobacquang.com\/wp-content\/uploads\/2025\/09\/ma-khay-1.jpg","datePublished":"2025-09-28T09:06:24+00:00","dateModified":"2025-12-08T10:34:43+00:00","breadcrumb":{"@id":"https:\/\/nongnghiepsobacquang.com\/product\/ma-khay\/#breadcrumb"},"inLanguage":"en-US","potentialAction":[{"@type":"ReadAction","target":["https:\/\/nongnghiepsobacquang.com\/product\/ma-khay\/"]}]},{"@type":"ImageObject","inLanguage":"en-US","@id":"https:\/\/nongnghiepsobacquang.com\/product\/ma-khay\/#primaryimage","url":"https:\/\/nongnghiepsobacquang.com\/wp-content\/uploads\/2025\/09\/ma-khay-1.jpg","contentUrl":"https:\/\/nongnghiepsobacquang.com\/wp-content\/uploads\/2025\/09\/ma-khay-1.jpg","width":960,"height":1280},{"@type":"BreadcrumbList","@id":"https:\/\/nongnghiepsobacquang.com\/product\/ma-khay\/#breadcrumb","itemListElement":[{"@type":"ListItem","position":1,"name":"Home","item":"https:\/\/nongnghiepsobacquang.com\/"},{"@type":"ListItem","position":2,"name":"C\u1eeda h\u00e0ng","item":"https:\/\/nongnghiepsobacquang.com\/shop\/"},{"@type":"ListItem","position":3,"name":"M\u1ea1 khay"}]},{"@type":"WebSite","@id":"https:\/\/nongnghiepsobacquang.com\/#website","url":"https:\/\/nongnghiepsobacquang.com\/","name":"Bac Quang District Digital Agricultural Cooperative","description":"H\u1ee3p t\u00e1c x\u00e3 N\u00f4ng nghi\u1ec7p s\u1ed1 huy\u1ec7n B\u1eafc Quang \u0111\u01b0\u1ee3c th\u00e0nh l\u1eadp ng\u00e0y 10 th\u00e1ng 02 n\u0103m 2022, ho\u1ea1t \u0111\u1ed9ng trong l\u0129nh v\u1ef1c li\u00ean k\u1ebft tr\u1ed3ng, s\u1ea3n xu\u1ea5t v\u00e0 kinh doanh c\u00e1c s\u1ea3n ph\u1ea9m v\u00e0 d\u1ecbch v\u1ee5 n\u00f4ng nghi\u1ec7p.","publisher":{"@id":"https:\/\/nongnghiepsobacquang.com\/#organization"},"potentialAction":[{"@type":"SearchAction","target":{"@type":"EntryPoint","urlTemplate":"https:\/\/nongnghiepsobacquang.com\/?s={search_term_string}"},"query-input":{"@type":"PropertyValueSpecification","valueRequired":true,"valueName":"search_term_string"}}],"inLanguage":"en-US"},{"@type":"Organization","@id":"https:\/\/nongnghiepsobacquang.com\/#organization","name":"Bac Quang District Digital Agricultural Cooperative","url":"https:\/\/nongnghiepsobacquang.com\/","logo":{"@type":"ImageObject","inLanguage":"en-US","@id":"https:\/\/nongnghiepsobacquang.com\/#\/schema\/logo\/image\/","url":"https:\/\/nongnghiepsobacquang.com\/wp-content\/uploads\/2025\/10\/cropped-icon-HTX-HG-01.png","contentUrl":"https:\/\/nongnghiepsobacquang.com\/wp-content\/uploads\/2025\/10\/cropped-icon-HTX-HG-01.png","width":512,"height":512,"caption":"H\u1ee3p t\u00e1c x\u00e3 N\u00f4ng nghi\u1ec7p s\u1ed1 huy\u1ec7n B\u1eafc Quang"},"image":{"@id":"https:\/\/nongnghiepsobacquang.com\/#\/schema\/logo\/image\/"}}]}},"_links":{"self":[{"href":"https:\/\/nongnghiepsobacquang.com\/en\/wp-json\/wp\/v2\/product\/2128","targetHints":{"allow":["GET"]}}],"collection":[{"href":"https:\/\/nongnghiepsobacquang.com\/en\/wp-json\/wp\/v2\/product"}],"about":[{"href":"https:\/\/nongnghiepsobacquang.com\/en\/wp-json\/wp\/v2\/types\/product"}],"replies":[{"embeddable":true,"href":"https:\/\/nongnghiepsobacquang.com\/en\/wp-json\/wp\/v2\/comments?post=2128"}],"wp:featuredmedia":[{"embeddable":true,"href":"https:\/\/nongnghiepsobacquang.com\/en\/wp-json\/wp\/v2\/media\/2480"}],"wp:attachment":[{"href":"https:\/\/nongnghiepsobacquang.com\/en\/wp-json\/wp\/v2\/media?parent=2128"}],"wp:term":[{"taxonomy":"product_brand","embeddable":true,"href":"https:\/\/nongnghiepsobacquang.com\/en\/wp-json\/wp\/v2\/product_brand?post=2128"},{"taxonomy":"product_cat","embeddable":true,"href":"https:\/\/nongnghiepsobacquang.com\/en\/wp-json\/wp\/v2\/product_cat?post=2128"},{"taxonomy":"product_tag","embeddable":true,"href":"https:\/\/nongnghiepsobacquang.com\/en\/wp-json\/wp\/v2\/product_tag?post=2128"}],"curies":[{"name":"wp","href":"https:\/\/api.w.org\/{rel}","templated":true}]}}