{"id":2123,"date":"2025-09-28T15:54:43","date_gmt":"2025-09-28T08:54:43","guid":{"rendered":"https:\/\/nongnghiepsobacquang.com\/?post_type=product&#038;p=2123"},"modified":"2025-11-09T13:55:00","modified_gmt":"2025-11-09T06:55:00","slug":"tinh-dau-sa-ha-giang-dang-nho-giot","status":"publish","type":"product","link":"https:\/\/nongnghiepsobacquang.com\/en\/product\/tinh-dau-sa-ha-giang-dang-nho-giot\/","title":{"rendered":"Ha Giang lemongrass essential oil"},"content":{"rendered":"<div style=\"text-align: justify;\">\n<blockquote><p><b>Ha Giang lemongrass essential oil<\/b> l\u00e0 s\u1ea3n ph\u1ea9m \u0111\u01b0\u1ee3c chi\u1ebft xu\u1ea5t ho\u00e0n to\u00e0n t\u1ef1 nhi\u00ean t\u1eeb s\u1ea3 nguy\u00ean li\u1ec7u, mang \u0111\u1ebfn c\u00e1c gi\u1ea3i ph\u00e1p kh\u1eed m\u00f9i v\u00e0 ch\u0103m s\u00f3c kh\u00f4ng gian s\u1ed1ng. S\u1ea3n ph\u1ea9m c\u00f3 dung t\u00edch 30ml v\u00e0 \u0111\u01b0\u1ee3c thi\u1ebft k\u1ebf v\u1edbi hai d\u1ea1ng ti\u1ec7n l\u1ee3i \u0111\u1ec3 \u0111\u00e1p \u1ee9ng c\u00e1c nhu c\u1ea7u s\u1eed d\u1ee5ng kh\u00e1c nhau.<\/p>\n<p><strong>Dung t\u00edch<\/strong>: 30ml.<\/p><\/blockquote>\n<div style=\"display: flex; justify-content: center; align-items: flex-start; gap: 20px; flex-wrap: wrap; margin: 20px 0;\"><img fetchpriority=\"high\" decoding=\"async\" class=\"size-medium wp-image-2232\" src=\"https:\/\/nongnghiepsobacquang.com\/wp-content\/uploads\/2025\/09\/tinh-dau-sa-dang-xit-222x300.png\" alt=\"Tinh d\u1ea7u s\u1ea3 H\u00e0 Giang d\u1ea1ng x\u1ecbt\" width=\"222\" height=\"300\" \/><br \/>\n<img decoding=\"async\" class=\"size-medium wp-image-2231\" src=\"https:\/\/nongnghiepsobacquang.com\/wp-content\/uploads\/2025\/09\/tinh-dau-sa-263x300.png\" alt=\"Tinh d\u1ea7u s\u1ea3 H\u00e0 Giang d\u1ea1ng nh\u1ecf gi\u1ecdt\" width=\"263\" height=\"300\" srcset=\"https:\/\/nongnghiepsobacquang.com\/wp-content\/uploads\/2025\/09\/tinh-dau-sa-263x300.png 263w, https:\/\/nongnghiepsobacquang.com\/wp-content\/uploads\/2025\/09\/tinh-dau-sa-11x12.png 11w, https:\/\/nongnghiepsobacquang.com\/wp-content\/uploads\/2025\/09\/tinh-dau-sa.png 338w\" sizes=\"(max-width: 263px) 100vw, 263px\" \/><\/div>\n<ol start=\"1\">\n<li><b>D\u1ea1ng x\u1ecbt:<\/b><\/li>\n<\/ol>\n<ul>\n<li><b>Dung t\u00edch:<\/b> 30ml.<\/li>\n<li><b>C\u00f4ng d\u1ee5ng ch\u00ednh:<\/b>\n<ul>\n<li>X\u1ecbt ph\u00f2ng, kh\u1eed m\u00f9i<\/li>\n<li>Ph\u00f9 h\u1ee3p v\u1edbi nhi\u1ec1u kh\u00f4ng gian \u0111a d\u1ea1ng nh\u01b0 nh\u00e0 \u1edf ri\u00eang, kh\u00e1ch s\u1ea1n, nh\u00e0 h\u00e0ng, ph\u00f2ng t\u1eadp th\u1ec3 thao v\u00e0 h\u1ed9i tr\u01b0\u1eddng.<\/li>\n<\/ul>\n<\/li>\n<\/ul>\n<ol start=\"2\">\n<li><b>D\u1ea1ng nh\u1ecf gi\u1ecdt:<\/b><\/li>\n<\/ol>\n<ul>\n<li><b>Dung t\u00edch:<\/b> 30ml.<\/li>\n<li><b>C\u00f4ng d\u1ee5ng ch\u00ednh:<\/b>\n<ul>\n<li>H\u00f2a v\u00e0o n\u01b0\u1edbc t\u1eafm, ho\u1eb7c s\u1eed d\u1ee5ng v\u1edbi \u0111\u00e8n x\u00f4ng tinh d\u1ea7u.<\/li>\n<li>D\u00f9ng trong c\u00e1c ph\u00f2ng x\u00f4ng h\u01a1i chuy\u00ean nghi\u1ec7p.<\/li>\n<li>Pha lo\u00e3ng \u0111\u1ec3 lau s\u00e0n nh\u00e0 v\u00e0 c\u00e1c v\u1eadt d\u1ee5ng.<\/li>\n<\/ul>\n<\/li>\n<\/ul>\n<\/div>","protected":false},"excerpt":{"rendered":"<div style=\"text-align: justify;\"><strong>Ha Giang lemongrass essential oil<\/strong> l\u00e0 s\u1ea3n ph\u1ea9m \u0111\u01b0\u1ee3c chi\u1ebft xu\u1ea5t ho\u00e0n to\u00e0n t\u1ef1 nhi\u00ean t\u1eeb s\u1ea3 nguy\u00ean li\u1ec7u, mang \u0111\u1ebfn c\u00e1c gi\u1ea3i ph\u00e1p kh\u1eed m\u00f9i v\u00e0 ch\u0103m s\u00f3c kh\u00f4ng gian s\u1ed1ng.<\/div>","protected":false},"featured_media":2232,"comment_status":"open","ping_status":"closed","template":"","meta":[],"product_brand":[],"product_cat":[35],"product_tag":[],"class_list":{"0":"post-2123","1":"product","2":"type-product","3":"status-publish","4":"has-post-thumbnail","6":"product_cat-product","8":"first","9":"instock","10":"shipping-taxable","11":"product-type-simple"},"yoast_head":"<!-- This site is optimized with the Yoast SEO plugin v26.3 - https:\/\/yoast.com\/wordpress\/plugins\/seo\/ -->\n<title>Tinh d\u1ea7u s\u1ea3 H\u00e0 Giang - HTX N\u00f4ng nghi\u1ec7p s\u1ed1 huy\u1ec7n B\u1eafc Quang | S\u1ea3n xu\u1ea5t v\u00e0 kinh doanh s\u1ea3n ph\u1ea9m n\u00f4ng nghi\u1ec7p - D\u1ecbch v\u1ee5 N\u00f4ng nghi\u1ec7p C\u00f4ng ngh\u1ec7 cao<\/title>\n<meta name=\"robots\" content=\"index, follow, max-snippet:-1, max-image-preview:large, max-video-preview:-1\" \/>\n<link rel=\"canonical\" href=\"https:\/\/nongnghiepsobacquang.com\/en\/product\/tinh-dau-sa-ha-giang-dang-nho-giot\/\" \/>\n<meta property=\"og:locale\" content=\"en_US\" \/>\n<meta property=\"og:type\" content=\"article\" \/>\n<meta property=\"og:title\" content=\"Tinh d\u1ea7u s\u1ea3 H\u00e0 Giang - HTX N\u00f4ng nghi\u1ec7p s\u1ed1 huy\u1ec7n B\u1eafc Quang | S\u1ea3n xu\u1ea5t v\u00e0 kinh doanh s\u1ea3n ph\u1ea9m n\u00f4ng nghi\u1ec7p - D\u1ecbch v\u1ee5 N\u00f4ng nghi\u1ec7p C\u00f4ng ngh\u1ec7 cao\" \/>\n<meta property=\"og:description\" content=\"Tinh d\u1ea7u s\u1ea3 H\u00e0 Giang l\u00e0 s\u1ea3n ph\u1ea9m \u0111\u01b0\u1ee3c chi\u1ebft xu\u1ea5t ho\u00e0n to\u00e0n t\u1ef1 nhi\u00ean t\u1eeb s\u1ea3 nguy\u00ean li\u1ec7u, mang \u0111\u1ebfn c\u00e1c gi\u1ea3i ph\u00e1p kh\u1eed m\u00f9i v\u00e0 ch\u0103m s\u00f3c kh\u00f4ng gian s\u1ed1ng.\" \/>\n<meta property=\"og:url\" content=\"https:\/\/nongnghiepsobacquang.com\/en\/product\/tinh-dau-sa-ha-giang-dang-nho-giot\/\" \/>\n<meta property=\"og:site_name\" content=\"HTX N\u00f4ng nghi\u1ec7p s\u1ed1 huy\u1ec7n B\u1eafc Quang | S\u1ea3n xu\u1ea5t v\u00e0 kinh doanh s\u1ea3n ph\u1ea9m n\u00f4ng nghi\u1ec7p - D\u1ecbch v\u1ee5 N\u00f4ng nghi\u1ec7p C\u00f4ng ngh\u1ec7 cao\" \/>\n<meta property=\"article:modified_time\" content=\"2025-11-09T06:55:00+00:00\" \/>\n<meta property=\"og:image\" content=\"https:\/\/nongnghiepsobacquang.com\/wp-content\/uploads\/2025\/09\/tinh-dau-sa-dang-xit.png\" \/>\n\t<meta property=\"og:image:width\" content=\"605\" \/>\n\t<meta property=\"og:image:height\" content=\"816\" \/>\n\t<meta property=\"og:image:type\" content=\"image\/png\" \/>\n<meta name=\"twitter:card\" content=\"summary_large_image\" \/>\n<meta name=\"twitter:label1\" content=\"Est. reading time\" \/>\n\t<meta name=\"twitter:data1\" content=\"1 minute\" \/>\n<script type=\"application\/ld+json\" class=\"yoast-schema-graph\">{\"@context\":\"https:\/\/schema.org\",\"@graph\":[{\"@type\":\"WebPage\",\"@id\":\"https:\/\/nongnghiepsobacquang.com\/product\/tinh-dau-sa-ha-giang-dang-nho-giot\/\",\"url\":\"https:\/\/nongnghiepsobacquang.com\/product\/tinh-dau-sa-ha-giang-dang-nho-giot\/\",\"name\":\"Tinh d\u1ea7u s\u1ea3 H\u00e0 Giang - HTX N\u00f4ng nghi\u1ec7p s\u1ed1 huy\u1ec7n B\u1eafc Quang | S\u1ea3n xu\u1ea5t v\u00e0 kinh doanh s\u1ea3n ph\u1ea9m n\u00f4ng nghi\u1ec7p - D\u1ecbch v\u1ee5 N\u00f4ng nghi\u1ec7p C\u00f4ng ngh\u1ec7 cao\",\"isPartOf\":{\"@id\":\"https:\/\/nongnghiepsobacquang.com\/#website\"},\"primaryImageOfPage\":{\"@id\":\"https:\/\/nongnghiepsobacquang.com\/product\/tinh-dau-sa-ha-giang-dang-nho-giot\/#primaryimage\"},\"image\":{\"@id\":\"https:\/\/nongnghiepsobacquang.com\/product\/tinh-dau-sa-ha-giang-dang-nho-giot\/#primaryimage\"},\"thumbnailUrl\":\"https:\/\/nongnghiepsobacquang.com\/wp-content\/uploads\/2025\/09\/tinh-dau-sa-dang-xit.png\",\"datePublished\":\"2025-09-28T08:54:43+00:00\",\"dateModified\":\"2025-11-09T06:55:00+00:00\",\"breadcrumb\":{\"@id\":\"https:\/\/nongnghiepsobacquang.com\/product\/tinh-dau-sa-ha-giang-dang-nho-giot\/#breadcrumb\"},\"inLanguage\":\"en-US\",\"potentialAction\":[{\"@type\":\"ReadAction\",\"target\":[\"https:\/\/nongnghiepsobacquang.com\/product\/tinh-dau-sa-ha-giang-dang-nho-giot\/\"]}]},{\"@type\":\"ImageObject\",\"inLanguage\":\"en-US\",\"@id\":\"https:\/\/nongnghiepsobacquang.com\/product\/tinh-dau-sa-ha-giang-dang-nho-giot\/#primaryimage\",\"url\":\"https:\/\/nongnghiepsobacquang.com\/wp-content\/uploads\/2025\/09\/tinh-dau-sa-dang-xit.png\",\"contentUrl\":\"https:\/\/nongnghiepsobacquang.com\/wp-content\/uploads\/2025\/09\/tinh-dau-sa-dang-xit.png\",\"width\":605,\"height\":816},{\"@type\":\"BreadcrumbList\",\"@id\":\"https:\/\/nongnghiepsobacquang.com\/product\/tinh-dau-sa-ha-giang-dang-nho-giot\/#breadcrumb\",\"itemListElement\":[{\"@type\":\"ListItem\",\"position\":1,\"name\":\"Home\",\"item\":\"https:\/\/nongnghiepsobacquang.com\/\"},{\"@type\":\"ListItem\",\"position\":2,\"name\":\"C\u1eeda h\u00e0ng\",\"item\":\"https:\/\/nongnghiepsobacquang.com\/shop\/\"},{\"@type\":\"ListItem\",\"position\":3,\"name\":\"Tinh d\u1ea7u s\u1ea3 H\u00e0 Giang\"}]},{\"@type\":\"WebSite\",\"@id\":\"https:\/\/nongnghiepsobacquang.com\/#website\",\"url\":\"https:\/\/nongnghiepsobacquang.com\/\",\"name\":\"H\u1ee3p t\u00e1c x\u00e3 N\u00f4ng nghi\u1ec7p s\u1ed1 huy\u1ec7n B\u1eafc Quang\",\"description\":\"H\u1ee3p t\u00e1c x\u00e3 N\u00f4ng nghi\u1ec7p s\u1ed1 huy\u1ec7n B\u1eafc Quang \u0111\u01b0\u1ee3c th\u00e0nh l\u1eadp ng\u00e0y 10 th\u00e1ng 02 n\u0103m 2022, ho\u1ea1t \u0111\u1ed9ng trong l\u0129nh v\u1ef1c li\u00ean k\u1ebft tr\u1ed3ng, s\u1ea3n xu\u1ea5t v\u00e0 kinh doanh c\u00e1c s\u1ea3n ph\u1ea9m v\u00e0 d\u1ecbch v\u1ee5 n\u00f4ng nghi\u1ec7p.\",\"publisher\":{\"@id\":\"https:\/\/nongnghiepsobacquang.com\/#organization\"},\"potentialAction\":[{\"@type\":\"SearchAction\",\"target\":{\"@type\":\"EntryPoint\",\"urlTemplate\":\"https:\/\/nongnghiepsobacquang.com\/?s={search_term_string}\"},\"query-input\":{\"@type\":\"PropertyValueSpecification\",\"valueRequired\":true,\"valueName\":\"search_term_string\"}}],\"inLanguage\":\"en-US\"},{\"@type\":\"Organization\",\"@id\":\"https:\/\/nongnghiepsobacquang.com\/#organization\",\"name\":\"H\u1ee3p t\u00e1c x\u00e3 N\u00f4ng nghi\u1ec7p s\u1ed1 huy\u1ec7n B\u1eafc Quang\",\"url\":\"https:\/\/nongnghiepsobacquang.com\/\",\"logo\":{\"@type\":\"ImageObject\",\"inLanguage\":\"en-US\",\"@id\":\"https:\/\/nongnghiepsobacquang.com\/#\/schema\/logo\/image\/\",\"url\":\"https:\/\/nongnghiepsobacquang.com\/wp-content\/uploads\/2025\/10\/cropped-icon-HTX-HG-01.png\",\"contentUrl\":\"https:\/\/nongnghiepsobacquang.com\/wp-content\/uploads\/2025\/10\/cropped-icon-HTX-HG-01.png\",\"width\":512,\"height\":512,\"caption\":\"H\u1ee3p t\u00e1c x\u00e3 N\u00f4ng nghi\u1ec7p s\u1ed1 huy\u1ec7n B\u1eafc Quang\"},\"image\":{\"@id\":\"https:\/\/nongnghiepsobacquang.com\/#\/schema\/logo\/image\/\"}}]}<\/script>\n<!-- \/ Yoast SEO plugin. -->","yoast_head_json":{"title":"Tinh d\u1ea7u s\u1ea3 H\u00e0 Giang - HTX N\u00f4ng nghi\u1ec7p s\u1ed1 huy\u1ec7n B\u1eafc Quang | S\u1ea3n xu\u1ea5t v\u00e0 kinh doanh s\u1ea3n ph\u1ea9m n\u00f4ng nghi\u1ec7p - D\u1ecbch v\u1ee5 N\u00f4ng nghi\u1ec7p C\u00f4ng ngh\u1ec7 cao","robots":{"index":"index","follow":"follow","max-snippet":"max-snippet:-1","max-image-preview":"max-image-preview:large","max-video-preview":"max-video-preview:-1"},"canonical":"https:\/\/nongnghiepsobacquang.com\/en\/product\/tinh-dau-sa-ha-giang-dang-nho-giot\/","og_locale":"en_US","og_type":"article","og_title":"Tinh d\u1ea7u s\u1ea3 H\u00e0 Giang - HTX N\u00f4ng nghi\u1ec7p s\u1ed1 huy\u1ec7n B\u1eafc Quang | S\u1ea3n xu\u1ea5t v\u00e0 kinh doanh s\u1ea3n ph\u1ea9m n\u00f4ng nghi\u1ec7p - D\u1ecbch v\u1ee5 N\u00f4ng nghi\u1ec7p C\u00f4ng ngh\u1ec7 cao","og_description":"Tinh d\u1ea7u s\u1ea3 H\u00e0 Giang l\u00e0 s\u1ea3n ph\u1ea9m \u0111\u01b0\u1ee3c chi\u1ebft xu\u1ea5t ho\u00e0n to\u00e0n t\u1ef1 nhi\u00ean t\u1eeb s\u1ea3 nguy\u00ean li\u1ec7u, mang \u0111\u1ebfn c\u00e1c gi\u1ea3i ph\u00e1p kh\u1eed m\u00f9i v\u00e0 ch\u0103m s\u00f3c kh\u00f4ng gian s\u1ed1ng.","og_url":"https:\/\/nongnghiepsobacquang.com\/en\/product\/tinh-dau-sa-ha-giang-dang-nho-giot\/","og_site_name":"HTX N\u00f4ng nghi\u1ec7p s\u1ed1 huy\u1ec7n B\u1eafc Quang | S\u1ea3n xu\u1ea5t v\u00e0 kinh doanh s\u1ea3n ph\u1ea9m n\u00f4ng nghi\u1ec7p - D\u1ecbch v\u1ee5 N\u00f4ng nghi\u1ec7p C\u00f4ng ngh\u1ec7 cao","article_modified_time":"2025-11-09T06:55:00+00:00","og_image":[{"width":605,"height":816,"url":"https:\/\/nongnghiepsobacquang.com\/wp-content\/uploads\/2025\/09\/tinh-dau-sa-dang-xit.png","type":"image\/png"}],"twitter_card":"summary_large_image","twitter_misc":{"Est. reading time":"1 minute"},"schema":{"@context":"https:\/\/schema.org","@graph":[{"@type":"WebPage","@id":"https:\/\/nongnghiepsobacquang.com\/product\/tinh-dau-sa-ha-giang-dang-nho-giot\/","url":"https:\/\/nongnghiepsobacquang.com\/product\/tinh-dau-sa-ha-giang-dang-nho-giot\/","name":"Tinh d\u1ea7u s\u1ea3 H\u00e0 Giang - HTX N\u00f4ng nghi\u1ec7p s\u1ed1 huy\u1ec7n B\u1eafc Quang | S\u1ea3n xu\u1ea5t v\u00e0 kinh doanh s\u1ea3n ph\u1ea9m n\u00f4ng nghi\u1ec7p - D\u1ecbch v\u1ee5 N\u00f4ng nghi\u1ec7p C\u00f4ng ngh\u1ec7 cao","isPartOf":{"@id":"https:\/\/nongnghiepsobacquang.com\/#website"},"primaryImageOfPage":{"@id":"https:\/\/nongnghiepsobacquang.com\/product\/tinh-dau-sa-ha-giang-dang-nho-giot\/#primaryimage"},"image":{"@id":"https:\/\/nongnghiepsobacquang.com\/product\/tinh-dau-sa-ha-giang-dang-nho-giot\/#primaryimage"},"thumbnailUrl":"https:\/\/nongnghiepsobacquang.com\/wp-content\/uploads\/2025\/09\/tinh-dau-sa-dang-xit.png","datePublished":"2025-09-28T08:54:43+00:00","dateModified":"2025-11-09T06:55:00+00:00","breadcrumb":{"@id":"https:\/\/nongnghiepsobacquang.com\/product\/tinh-dau-sa-ha-giang-dang-nho-giot\/#breadcrumb"},"inLanguage":"en-US","potentialAction":[{"@type":"ReadAction","target":["https:\/\/nongnghiepsobacquang.com\/product\/tinh-dau-sa-ha-giang-dang-nho-giot\/"]}]},{"@type":"ImageObject","inLanguage":"en-US","@id":"https:\/\/nongnghiepsobacquang.com\/product\/tinh-dau-sa-ha-giang-dang-nho-giot\/#primaryimage","url":"https:\/\/nongnghiepsobacquang.com\/wp-content\/uploads\/2025\/09\/tinh-dau-sa-dang-xit.png","contentUrl":"https:\/\/nongnghiepsobacquang.com\/wp-content\/uploads\/2025\/09\/tinh-dau-sa-dang-xit.png","width":605,"height":816},{"@type":"BreadcrumbList","@id":"https:\/\/nongnghiepsobacquang.com\/product\/tinh-dau-sa-ha-giang-dang-nho-giot\/#breadcrumb","itemListElement":[{"@type":"ListItem","position":1,"name":"Home","item":"https:\/\/nongnghiepsobacquang.com\/"},{"@type":"ListItem","position":2,"name":"C\u1eeda h\u00e0ng","item":"https:\/\/nongnghiepsobacquang.com\/shop\/"},{"@type":"ListItem","position":3,"name":"Tinh d\u1ea7u s\u1ea3 H\u00e0 Giang"}]},{"@type":"WebSite","@id":"https:\/\/nongnghiepsobacquang.com\/#website","url":"https:\/\/nongnghiepsobacquang.com\/","name":"Bac Quang District Digital Agricultural Cooperative","description":"H\u1ee3p t\u00e1c x\u00e3 N\u00f4ng nghi\u1ec7p s\u1ed1 huy\u1ec7n B\u1eafc Quang \u0111\u01b0\u1ee3c th\u00e0nh l\u1eadp ng\u00e0y 10 th\u00e1ng 02 n\u0103m 2022, ho\u1ea1t \u0111\u1ed9ng trong l\u0129nh v\u1ef1c li\u00ean k\u1ebft tr\u1ed3ng, s\u1ea3n xu\u1ea5t v\u00e0 kinh doanh c\u00e1c s\u1ea3n ph\u1ea9m v\u00e0 d\u1ecbch v\u1ee5 n\u00f4ng nghi\u1ec7p.","publisher":{"@id":"https:\/\/nongnghiepsobacquang.com\/#organization"},"potentialAction":[{"@type":"SearchAction","target":{"@type":"EntryPoint","urlTemplate":"https:\/\/nongnghiepsobacquang.com\/?s={search_term_string}"},"query-input":{"@type":"PropertyValueSpecification","valueRequired":true,"valueName":"search_term_string"}}],"inLanguage":"en-US"},{"@type":"Organization","@id":"https:\/\/nongnghiepsobacquang.com\/#organization","name":"Bac Quang District Digital Agricultural Cooperative","url":"https:\/\/nongnghiepsobacquang.com\/","logo":{"@type":"ImageObject","inLanguage":"en-US","@id":"https:\/\/nongnghiepsobacquang.com\/#\/schema\/logo\/image\/","url":"https:\/\/nongnghiepsobacquang.com\/wp-content\/uploads\/2025\/10\/cropped-icon-HTX-HG-01.png","contentUrl":"https:\/\/nongnghiepsobacquang.com\/wp-content\/uploads\/2025\/10\/cropped-icon-HTX-HG-01.png","width":512,"height":512,"caption":"H\u1ee3p t\u00e1c x\u00e3 N\u00f4ng nghi\u1ec7p s\u1ed1 huy\u1ec7n B\u1eafc Quang"},"image":{"@id":"https:\/\/nongnghiepsobacquang.com\/#\/schema\/logo\/image\/"}}]}},"_links":{"self":[{"href":"https:\/\/nongnghiepsobacquang.com\/en\/wp-json\/wp\/v2\/product\/2123","targetHints":{"allow":["GET"]}}],"collection":[{"href":"https:\/\/nongnghiepsobacquang.com\/en\/wp-json\/wp\/v2\/product"}],"about":[{"href":"https:\/\/nongnghiepsobacquang.com\/en\/wp-json\/wp\/v2\/types\/product"}],"replies":[{"embeddable":true,"href":"https:\/\/nongnghiepsobacquang.com\/en\/wp-json\/wp\/v2\/comments?post=2123"}],"wp:featuredmedia":[{"embeddable":true,"href":"https:\/\/nongnghiepsobacquang.com\/en\/wp-json\/wp\/v2\/media\/2232"}],"wp:attachment":[{"href":"https:\/\/nongnghiepsobacquang.com\/en\/wp-json\/wp\/v2\/media?parent=2123"}],"wp:term":[{"taxonomy":"product_brand","embeddable":true,"href":"https:\/\/nongnghiepsobacquang.com\/en\/wp-json\/wp\/v2\/product_brand?post=2123"},{"taxonomy":"product_cat","embeddable":true,"href":"https:\/\/nongnghiepsobacquang.com\/en\/wp-json\/wp\/v2\/product_cat?post=2123"},{"taxonomy":"product_tag","embeddable":true,"href":"https:\/\/nongnghiepsobacquang.com\/en\/wp-json\/wp\/v2\/product_tag?post=2123"}],"curies":[{"name":"wp","href":"https:\/\/api.w.org\/{rel}","templated":true}]}}