{"id":2121,"date":"2025-09-28T15:51:56","date_gmt":"2025-09-28T08:51:56","guid":{"rendered":"https:\/\/nongnghiepsobacquang.com\/?post_type=product&#038;p=2121"},"modified":"2025-11-10T00:13:44","modified_gmt":"2025-11-09T17:13:44","slug":"thoc-giong-te-nuong-ha-giang","status":"publish","type":"product","link":"https:\/\/nongnghiepsobacquang.com\/en\/product\/thoc-giong-te-nuong-ha-giang\/","title":{"rendered":"Te Nuong Ha Giang rice seeds"},"content":{"rendered":"<div style=\"text-align: justify;\">\n<blockquote><p><strong>Gi\u1ed1ng l\u00faa T\u1ebb n\u01b0\u01a1ng H\u00e0 Giang<\/strong> l\u00e0 gi\u1ed1ng l\u00faa b\u1ea3n \u0111\u1ecba c\u1ee7a t\u1ec9nh H\u00e0 Giang, c\u00f3 ngu\u1ed3n g\u1ed1c t\u1eeb huy\u1ec7n Y\u00ean Minh, t\u1ec9nh H\u00e0 Giang.<\/p>\n<p><span class=\"fontstyle0\">\u0110\u00e2y l\u00e0 gi\u1ed1ng l\u00faa ng\u1eafn ng\u00e0y, c\u00f3 kh\u1ea3 n\u0103ng th\u00edch \u1ee9ng cao, ch\u1ed1ng ch\u1ecbu s\u00e2u b\u1ec7nh t\u1ed1t, c\u00f3 n\u0103ng su\u1ea5t cao, th\u00edch \u1ee9ng v\u1edbi nhi\u1ec1u ch\u00e2n \u0111\u1ea5t kh\u00e1c nhau, b\u00f4ng to, h\u1ea1t ch\u1eafc, kh\u1ea3 n\u0103ng ch\u1ed1ng ch\u1ecbu s\u00e2u b\u1ec7nh kh\u00e1 (\u00edt b\u1ecb nhi\u00eam \u0111\u1ea1o \u00f4n, kh\u00f4 v\u1eb1n, b\u1ea1c l\u00e1).<\/span><\/p>\n<p><span class=\"fontstyle0\">Gi\u1ed1ng l\u00faa T\u1ebb n\u01b0\u01a1ng H\u00e0 Giang c\u00f3 th\u1ec3 gieo c\u1ea5y c\u1ea3 2 v\u1ee5 trong n\u0103m. \u0110\u1ed3ng th\u1eddi th\u1ec3 hi\u1ec7n t\u00ednh \u01b0u vi\u1ec7t khi gieo c\u1ea5y tr\u00ean di\u1ec7n t\u00edch l\u00faa 1 v\u1ee5.<\/span><\/p>\n<p><strong>Tr\u1ecdng l\u01b0\u1ee3ng<\/strong>: 1kg.<\/p><\/blockquote>\n<p><strong>\u0110\u1eb7c \u0111i\u1ec3m:<\/strong><\/p>\n<ul>\n<li><span class=\"fontstyle0\">M\u1ea7m kh\u1ecfe, m\u1ea1 t\u1ed1t, \u0111\u1ebb nh\u00e1nh kh\u1ecfe, chi\u1ec1u cao c\u00e2y 100 cm, c\u1ee9ng c\u00e2y, \u00edt \u0111\u1ed5 ng\u00e3, tr\u1ed7 nhanh v\u00e0 t\u1eadp trung. H\u1ea1t v\u00e0o ch\u1eafc, t\u1ef7 l\u1ec7 l\u00e9p th\u1ea5p, tr\u1ecdng l\u01b0\u1ee3ng h\u1ea1t cao.<\/span><\/li>\n<li><span class=\"fontstyle0\"><strong><em>Th\u00edch \u1ee9ng r\u1ed9ng, ph\u00f9 h\u1ee3p v\u00e0 \u1ed5n \u0111\u1ecbnh<\/em><\/strong> tr\u00ean t\u1ea5t c\u1ea3 c\u00e1c v\u00f9ng sinh th\u00e1i v\u00e0 ch\u00e2n \u0111\u1ea5t kh\u00e1c nhau.<\/span><\/li>\n<li><span class=\"fontstyle0\"><em><strong>Ch\u1ed1ng ch\u1ecbu t\u1ed1t<\/strong><\/em> v\u1edbi \u0111i\u1ec1u ki\u1ec7n th\u1eddi ti\u1ebft b\u1ea5t thu\u1eadn, ch\u1ecbu h\u1ea1n, ch\u1ecbu r\u00e9t, ch\u1ecbu n\u1eafng n\u00f3ng. <\/span><span class=\"fontstyle0\">Ch\u1ed1ng ch\u1ecbu t\u1ed1t b\u1ec7nh \u0111\u1ea1o \u00f4n, b\u1ea1c l\u00e1, \u0111\u1ed1m s\u1ecdc vi khu\u1ea9n v\u00e0 \u00edt nhi\u1ec5m s\u00e2u, b\u1ec7nh h\u1ea1i kh\u00e1c.<\/span><\/li>\n<li><span class=\"fontstyle0\"><strong><em>Th\u1eddi gian sinh tr\u01b0\u1edfng<\/em><\/strong>: V\u1ee5 Xu\u00e2n 125 &#8211; 130 ng\u00e0y, v\u1ee5 M\u00f9a 100 -105 ng\u00e0y (n\u1ebfu gieo s\u1ea1 th\u1eddi gian c\u00f3 th\u1ec3 r\u00fat ng\u1eafn t\u1eeb 3 &#8211; 5 ng\u00e0y). \u0110\u00e2y l\u00e0 gi\u1ed1ng <em><strong>ng\u1eafn ng\u00e0y<\/strong><\/em>, r\u1ea5t ph\u00f9 h\u1ee3p v\u1edbi c\u01a1 c\u1ea5u tr\u1ed3ng c\u00e2y v\u1ee5 \u0111\u00f4ng.<\/span><\/li>\n<li><span class=\"fontstyle0\"><strong><em>N\u0103ng su\u1ea5t cao v\u00e0 \u1ed5n \u0111\u1ecbnh<\/em><\/strong> cho c\u1ea3 2 v\u1ee5, ch\u0103m s\u00f3c b\u00ecnh th\u01b0\u1eddng \u0111\u1ea1t t\u1eeb 65 &#8211; 75 t\u1ea1\/ha, th\u00e2m canh t\u1ed1t \u0111\u1ea1t tr\u00ean 80 t\u1ea1\/ha.<\/span><\/li>\n<li><span class=\"fontstyle0\"><strong><em>H\u1ea1t g\u1ea1o \u0111\u1eb9p<\/em><\/strong>, t\u1ef7 l\u1ec7 xay x\u00e1t tr\u00ean 70%; g\u1ea1o \u0111\u1eb9p; c\u01a1m d\u1ebbo, ngon, h\u01b0\u01a1ng v\u1ecb \u0111\u1eadm \u0111\u00e0.<\/span><\/li>\n<\/ul>\n<p><strong>S\u1ea3n ph\u1ea9m hi\u1ec7n \u0111ang \u0111\u01b0\u1ee3c m\u1edf b\u00e1n. Li\u00ean h\u1ec7 ngay v\u1edbi ch\u00fang t\u00f4i qua \u0111\u01b0\u1eddng d\u00e2y n\u00f3ng \u0111\u1ec3 \u0111\u01b0\u1ee3c t\u01b0 v\u1ea5n v\u00e0 ch\u1ed1t \u0111\u01a1n nhanh nh\u1ea5t:<\/strong><\/p>\n<p style=\"font-size: 1.25em; font-weight: bold; color: #d9534f; text-align: center; line-height: 1.5;\">Hotline: 0947 579 386 | 0352 955 988<\/p>\n<p><strong>B\u00e0i vi\u1ebft: <a href=\"https:\/\/nongnghiepsobacquang.com\/en\/vu-mua-2025-thoc-giong-tnhg\/\">https:\/\/nongnghiepsobacquang.com\/vu-mua-2025-thoc-giong-tnhg\/<\/a><\/strong><\/p>\n<p>&nbsp;<\/p>\n<\/div>","protected":false},"excerpt":{"rendered":"<div style=\"text-align: justify;\">\n<p><strong>Gi\u1ed1ng l\u00faa T\u1ebb n\u01b0\u01a1ng H\u00e0 Giang<\/strong> l\u00e0 gi\u1ed1ng l\u00faa b\u1ea3n \u0111\u1ecba c\u1ee7a t\u1ec9nh H\u00e0 Giang, c\u00f3 ngu\u1ed3n g\u1ed1c t\u1eeb huy\u1ec7n Y\u00ean Minh, t\u1ec9nh H\u00e0 Giang.<\/p>\n<p><span class=\"fontstyle0\">\u0110\u00e2y l\u00e0 gi\u1ed1ng l\u00faa ng\u1eafn ng\u00e0y, c\u00f3 kh\u1ea3 n\u0103ng th\u00edch \u1ee9ng cao, ch\u1ed1ng ch\u1ecbu s\u00e2u b\u1ec7nh t\u1ed1t, c\u00f3 n\u0103ng su\u1ea5t cao, th\u00edch \u1ee9ng v\u1edbi nhi\u1ec1u ch\u00e2n \u0111\u1ea5t kh\u00e1c nhau, b\u00f4ng to, h\u1ea1t ch\u1eafc, kh\u1ea3 n\u0103ng ch\u1ed1ng ch\u1ecbu s\u00e2u b\u1ec7nh kh\u00e1 (\u00edt b\u1ecb nhi\u00eam \u0111\u1ea1o \u00f4n, kh\u00f4 v\u1eb1n, b\u1ea1c l\u00e1).<\/span><\/p>\n<p><span class=\"fontstyle0\">Gi\u1ed1ng l\u00faa T\u1ebb n\u01b0\u01a1ng H\u00e0 Giang c\u00f3 th\u1ec3 gieo c\u1ea5y c\u1ea3 2 v\u1ee5 trong n\u0103m. \u0110\u1ed3ng th\u1eddi th\u1ec3 hi\u1ec7n t\u00ednh \u01b0u vi\u1ec7t khi gieo c\u1ea5y tr\u00ean di\u1ec7n t\u00edch l\u00faa 1 v\u1ee5.<\/span><\/p>\n<\/div>","protected":false},"featured_media":2230,"comment_status":"open","ping_status":"closed","template":"","meta":[],"product_brand":[],"product_cat":[35],"product_tag":[],"class_list":{"0":"post-2121","1":"product","2":"type-product","3":"status-publish","4":"has-post-thumbnail","6":"product_cat-product","8":"first","9":"instock","10":"featured","11":"shipping-taxable","12":"product-type-simple"},"yoast_head":"<!-- This site is optimized with the Yoast SEO plugin v26.3 - https:\/\/yoast.com\/wordpress\/plugins\/seo\/ -->\n<title>Th\u00f3c gi\u1ed1ng T\u1ebb n\u01b0\u01a1ng H\u00e0 Giang - HTX N\u00f4ng nghi\u1ec7p s\u1ed1 huy\u1ec7n B\u1eafc Quang | S\u1ea3n xu\u1ea5t v\u00e0 kinh doanh s\u1ea3n ph\u1ea9m n\u00f4ng nghi\u1ec7p - D\u1ecbch v\u1ee5 N\u00f4ng nghi\u1ec7p C\u00f4ng ngh\u1ec7 cao<\/title>\n<meta name=\"robots\" content=\"index, follow, max-snippet:-1, max-image-preview:large, max-video-preview:-1\" \/>\n<link rel=\"canonical\" href=\"https:\/\/nongnghiepsobacquang.com\/en\/product\/thoc-giong-te-nuong-ha-giang\/\" \/>\n<meta property=\"og:locale\" content=\"en_US\" \/>\n<meta property=\"og:type\" content=\"article\" \/>\n<meta property=\"og:title\" content=\"Th\u00f3c gi\u1ed1ng T\u1ebb n\u01b0\u01a1ng H\u00e0 Giang - HTX N\u00f4ng nghi\u1ec7p s\u1ed1 huy\u1ec7n B\u1eafc Quang | S\u1ea3n xu\u1ea5t v\u00e0 kinh doanh s\u1ea3n ph\u1ea9m n\u00f4ng nghi\u1ec7p - D\u1ecbch v\u1ee5 N\u00f4ng nghi\u1ec7p C\u00f4ng ngh\u1ec7 cao\" \/>\n<meta property=\"og:description\" content=\"Gi\u1ed1ng l\u00faa T\u1ebb n\u01b0\u01a1ng H\u00e0 Giang l\u00e0 gi\u1ed1ng l\u00faa b\u1ea3n \u0111\u1ecba c\u1ee7a t\u1ec9nh H\u00e0 Giang, c\u00f3 ngu\u1ed3n g\u1ed1c t\u1eeb huy\u1ec7n Y\u00ean Minh, t\u1ec9nh H\u00e0 Giang.  \u0110\u00e2y l\u00e0 gi\u1ed1ng l\u00faa ng\u1eafn ng\u00e0y, c\u00f3 kh\u1ea3 n\u0103ng th\u00edch \u1ee9ng cao, ch\u1ed1ng ch\u1ecbu s\u00e2u b\u1ec7nh t\u1ed1t, c\u00f3 n\u0103ng su\u1ea5t cao, th\u00edch \u1ee9ng v\u1edbi nhi\u1ec1u ch\u00e2n \u0111\u1ea5t kh\u00e1c nhau, b\u00f4ng to, h\u1ea1t ch\u1eafc, kh\u1ea3 n\u0103ng ch\u1ed1ng ch\u1ecbu s\u00e2u b\u1ec7nh kh\u00e1 (\u00edt b\u1ecb nhi\u00eam \u0111\u1ea1o \u00f4n, kh\u00f4 v\u1eb1n, b\u1ea1c l\u00e1).  Gi\u1ed1ng l\u00faa T\u1ebb n\u01b0\u01a1ng H\u00e0 Giang c\u00f3 th\u1ec3 gieo c\u1ea5y c\u1ea3 2 v\u1ee5 trong n\u0103m. \u0110\u1ed3ng th\u1eddi th\u1ec3 hi\u1ec7n t\u00ednh \u01b0u vi\u1ec7t khi gieo c\u1ea5y tr\u00ean di\u1ec7n t\u00edch l\u00faa 1 v\u1ee5.\" \/>\n<meta property=\"og:url\" content=\"https:\/\/nongnghiepsobacquang.com\/en\/product\/thoc-giong-te-nuong-ha-giang\/\" \/>\n<meta property=\"og:site_name\" content=\"HTX N\u00f4ng nghi\u1ec7p s\u1ed1 huy\u1ec7n B\u1eafc Quang | S\u1ea3n xu\u1ea5t v\u00e0 kinh doanh s\u1ea3n ph\u1ea9m n\u00f4ng nghi\u1ec7p - D\u1ecbch v\u1ee5 N\u00f4ng nghi\u1ec7p C\u00f4ng ngh\u1ec7 cao\" \/>\n<meta property=\"article:modified_time\" content=\"2025-11-09T17:13:44+00:00\" \/>\n<meta property=\"og:image\" content=\"https:\/\/nongnghiepsobacquang.com\/wp-content\/uploads\/2025\/09\/bao-bi-giong-TNHG-1-kg.png\" \/>\n\t<meta property=\"og:image:width\" content=\"783\" \/>\n\t<meta property=\"og:image:height\" content=\"1007\" \/>\n\t<meta property=\"og:image:type\" content=\"image\/png\" \/>\n<meta name=\"twitter:card\" content=\"summary_large_image\" \/>\n<meta name=\"twitter:label1\" content=\"Est. reading time\" \/>\n\t<meta name=\"twitter:data1\" content=\"2 minutes\" \/>\n<script type=\"application\/ld+json\" class=\"yoast-schema-graph\">{\"@context\":\"https:\/\/schema.org\",\"@graph\":[{\"@type\":\"WebPage\",\"@id\":\"https:\/\/nongnghiepsobacquang.com\/product\/thoc-giong-te-nuong-ha-giang\/\",\"url\":\"https:\/\/nongnghiepsobacquang.com\/product\/thoc-giong-te-nuong-ha-giang\/\",\"name\":\"Th\u00f3c gi\u1ed1ng T\u1ebb n\u01b0\u01a1ng H\u00e0 Giang - HTX N\u00f4ng nghi\u1ec7p s\u1ed1 huy\u1ec7n B\u1eafc Quang | S\u1ea3n xu\u1ea5t v\u00e0 kinh doanh s\u1ea3n ph\u1ea9m n\u00f4ng nghi\u1ec7p - D\u1ecbch v\u1ee5 N\u00f4ng nghi\u1ec7p C\u00f4ng ngh\u1ec7 cao\",\"isPartOf\":{\"@id\":\"https:\/\/nongnghiepsobacquang.com\/#website\"},\"primaryImageOfPage\":{\"@id\":\"https:\/\/nongnghiepsobacquang.com\/product\/thoc-giong-te-nuong-ha-giang\/#primaryimage\"},\"image\":{\"@id\":\"https:\/\/nongnghiepsobacquang.com\/product\/thoc-giong-te-nuong-ha-giang\/#primaryimage\"},\"thumbnailUrl\":\"https:\/\/nongnghiepsobacquang.com\/wp-content\/uploads\/2025\/09\/bao-bi-giong-TNHG-1-kg.png\",\"datePublished\":\"2025-09-28T08:51:56+00:00\",\"dateModified\":\"2025-11-09T17:13:44+00:00\",\"breadcrumb\":{\"@id\":\"https:\/\/nongnghiepsobacquang.com\/product\/thoc-giong-te-nuong-ha-giang\/#breadcrumb\"},\"inLanguage\":\"en-US\",\"potentialAction\":[{\"@type\":\"ReadAction\",\"target\":[\"https:\/\/nongnghiepsobacquang.com\/product\/thoc-giong-te-nuong-ha-giang\/\"]}]},{\"@type\":\"ImageObject\",\"inLanguage\":\"en-US\",\"@id\":\"https:\/\/nongnghiepsobacquang.com\/product\/thoc-giong-te-nuong-ha-giang\/#primaryimage\",\"url\":\"https:\/\/nongnghiepsobacquang.com\/wp-content\/uploads\/2025\/09\/bao-bi-giong-TNHG-1-kg.png\",\"contentUrl\":\"https:\/\/nongnghiepsobacquang.com\/wp-content\/uploads\/2025\/09\/bao-bi-giong-TNHG-1-kg.png\",\"width\":783,\"height\":1007},{\"@type\":\"BreadcrumbList\",\"@id\":\"https:\/\/nongnghiepsobacquang.com\/product\/thoc-giong-te-nuong-ha-giang\/#breadcrumb\",\"itemListElement\":[{\"@type\":\"ListItem\",\"position\":1,\"name\":\"Home\",\"item\":\"https:\/\/nongnghiepsobacquang.com\/\"},{\"@type\":\"ListItem\",\"position\":2,\"name\":\"C\u1eeda h\u00e0ng\",\"item\":\"https:\/\/nongnghiepsobacquang.com\/shop\/\"},{\"@type\":\"ListItem\",\"position\":3,\"name\":\"Th\u00f3c gi\u1ed1ng T\u1ebb n\u01b0\u01a1ng H\u00e0 Giang\"}]},{\"@type\":\"WebSite\",\"@id\":\"https:\/\/nongnghiepsobacquang.com\/#website\",\"url\":\"https:\/\/nongnghiepsobacquang.com\/\",\"name\":\"H\u1ee3p t\u00e1c x\u00e3 N\u00f4ng nghi\u1ec7p s\u1ed1 huy\u1ec7n B\u1eafc Quang\",\"description\":\"H\u1ee3p t\u00e1c x\u00e3 N\u00f4ng nghi\u1ec7p s\u1ed1 huy\u1ec7n B\u1eafc Quang \u0111\u01b0\u1ee3c th\u00e0nh l\u1eadp ng\u00e0y 10 th\u00e1ng 02 n\u0103m 2022, ho\u1ea1t \u0111\u1ed9ng trong l\u0129nh v\u1ef1c li\u00ean k\u1ebft tr\u1ed3ng, s\u1ea3n xu\u1ea5t v\u00e0 kinh doanh c\u00e1c s\u1ea3n ph\u1ea9m v\u00e0 d\u1ecbch v\u1ee5 n\u00f4ng nghi\u1ec7p.\",\"publisher\":{\"@id\":\"https:\/\/nongnghiepsobacquang.com\/#organization\"},\"potentialAction\":[{\"@type\":\"SearchAction\",\"target\":{\"@type\":\"EntryPoint\",\"urlTemplate\":\"https:\/\/nongnghiepsobacquang.com\/?s={search_term_string}\"},\"query-input\":{\"@type\":\"PropertyValueSpecification\",\"valueRequired\":true,\"valueName\":\"search_term_string\"}}],\"inLanguage\":\"en-US\"},{\"@type\":\"Organization\",\"@id\":\"https:\/\/nongnghiepsobacquang.com\/#organization\",\"name\":\"H\u1ee3p t\u00e1c x\u00e3 N\u00f4ng nghi\u1ec7p s\u1ed1 huy\u1ec7n B\u1eafc Quang\",\"url\":\"https:\/\/nongnghiepsobacquang.com\/\",\"logo\":{\"@type\":\"ImageObject\",\"inLanguage\":\"en-US\",\"@id\":\"https:\/\/nongnghiepsobacquang.com\/#\/schema\/logo\/image\/\",\"url\":\"https:\/\/nongnghiepsobacquang.com\/wp-content\/uploads\/2025\/10\/cropped-icon-HTX-HG-01.png\",\"contentUrl\":\"https:\/\/nongnghiepsobacquang.com\/wp-content\/uploads\/2025\/10\/cropped-icon-HTX-HG-01.png\",\"width\":512,\"height\":512,\"caption\":\"H\u1ee3p t\u00e1c x\u00e3 N\u00f4ng nghi\u1ec7p s\u1ed1 huy\u1ec7n B\u1eafc Quang\"},\"image\":{\"@id\":\"https:\/\/nongnghiepsobacquang.com\/#\/schema\/logo\/image\/\"}}]}<\/script>\n<!-- \/ Yoast SEO plugin. -->","yoast_head_json":{"title":"Th\u00f3c gi\u1ed1ng T\u1ebb n\u01b0\u01a1ng H\u00e0 Giang - HTX N\u00f4ng nghi\u1ec7p s\u1ed1 huy\u1ec7n B\u1eafc Quang | S\u1ea3n xu\u1ea5t v\u00e0 kinh doanh s\u1ea3n ph\u1ea9m n\u00f4ng nghi\u1ec7p - D\u1ecbch v\u1ee5 N\u00f4ng nghi\u1ec7p C\u00f4ng ngh\u1ec7 cao","robots":{"index":"index","follow":"follow","max-snippet":"max-snippet:-1","max-image-preview":"max-image-preview:large","max-video-preview":"max-video-preview:-1"},"canonical":"https:\/\/nongnghiepsobacquang.com\/en\/product\/thoc-giong-te-nuong-ha-giang\/","og_locale":"en_US","og_type":"article","og_title":"Th\u00f3c gi\u1ed1ng T\u1ebb n\u01b0\u01a1ng H\u00e0 Giang - HTX N\u00f4ng nghi\u1ec7p s\u1ed1 huy\u1ec7n B\u1eafc Quang | S\u1ea3n xu\u1ea5t v\u00e0 kinh doanh s\u1ea3n ph\u1ea9m n\u00f4ng nghi\u1ec7p - D\u1ecbch v\u1ee5 N\u00f4ng nghi\u1ec7p C\u00f4ng ngh\u1ec7 cao","og_description":"Gi\u1ed1ng l\u00faa T\u1ebb n\u01b0\u01a1ng H\u00e0 Giang l\u00e0 gi\u1ed1ng l\u00faa b\u1ea3n \u0111\u1ecba c\u1ee7a t\u1ec9nh H\u00e0 Giang, c\u00f3 ngu\u1ed3n g\u1ed1c t\u1eeb huy\u1ec7n Y\u00ean Minh, t\u1ec9nh H\u00e0 Giang.  \u0110\u00e2y l\u00e0 gi\u1ed1ng l\u00faa ng\u1eafn ng\u00e0y, c\u00f3 kh\u1ea3 n\u0103ng th\u00edch \u1ee9ng cao, ch\u1ed1ng ch\u1ecbu s\u00e2u b\u1ec7nh t\u1ed1t, c\u00f3 n\u0103ng su\u1ea5t cao, th\u00edch \u1ee9ng v\u1edbi nhi\u1ec1u ch\u00e2n \u0111\u1ea5t kh\u00e1c nhau, b\u00f4ng to, h\u1ea1t ch\u1eafc, kh\u1ea3 n\u0103ng ch\u1ed1ng ch\u1ecbu s\u00e2u b\u1ec7nh kh\u00e1 (\u00edt b\u1ecb nhi\u00eam \u0111\u1ea1o \u00f4n, kh\u00f4 v\u1eb1n, b\u1ea1c l\u00e1).  Gi\u1ed1ng l\u00faa T\u1ebb n\u01b0\u01a1ng H\u00e0 Giang c\u00f3 th\u1ec3 gieo c\u1ea5y c\u1ea3 2 v\u1ee5 trong n\u0103m. \u0110\u1ed3ng th\u1eddi th\u1ec3 hi\u1ec7n t\u00ednh \u01b0u vi\u1ec7t khi gieo c\u1ea5y tr\u00ean di\u1ec7n t\u00edch l\u00faa 1 v\u1ee5.","og_url":"https:\/\/nongnghiepsobacquang.com\/en\/product\/thoc-giong-te-nuong-ha-giang\/","og_site_name":"HTX N\u00f4ng nghi\u1ec7p s\u1ed1 huy\u1ec7n B\u1eafc Quang | S\u1ea3n xu\u1ea5t v\u00e0 kinh doanh s\u1ea3n ph\u1ea9m n\u00f4ng nghi\u1ec7p - D\u1ecbch v\u1ee5 N\u00f4ng nghi\u1ec7p C\u00f4ng ngh\u1ec7 cao","article_modified_time":"2025-11-09T17:13:44+00:00","og_image":[{"width":783,"height":1007,"url":"https:\/\/nongnghiepsobacquang.com\/wp-content\/uploads\/2025\/09\/bao-bi-giong-TNHG-1-kg.png","type":"image\/png"}],"twitter_card":"summary_large_image","twitter_misc":{"Est. reading time":"2 minutes"},"schema":{"@context":"https:\/\/schema.org","@graph":[{"@type":"WebPage","@id":"https:\/\/nongnghiepsobacquang.com\/product\/thoc-giong-te-nuong-ha-giang\/","url":"https:\/\/nongnghiepsobacquang.com\/product\/thoc-giong-te-nuong-ha-giang\/","name":"Th\u00f3c gi\u1ed1ng T\u1ebb n\u01b0\u01a1ng H\u00e0 Giang - HTX N\u00f4ng nghi\u1ec7p s\u1ed1 huy\u1ec7n B\u1eafc Quang | S\u1ea3n xu\u1ea5t v\u00e0 kinh doanh s\u1ea3n ph\u1ea9m n\u00f4ng nghi\u1ec7p - D\u1ecbch v\u1ee5 N\u00f4ng nghi\u1ec7p C\u00f4ng ngh\u1ec7 cao","isPartOf":{"@id":"https:\/\/nongnghiepsobacquang.com\/#website"},"primaryImageOfPage":{"@id":"https:\/\/nongnghiepsobacquang.com\/product\/thoc-giong-te-nuong-ha-giang\/#primaryimage"},"image":{"@id":"https:\/\/nongnghiepsobacquang.com\/product\/thoc-giong-te-nuong-ha-giang\/#primaryimage"},"thumbnailUrl":"https:\/\/nongnghiepsobacquang.com\/wp-content\/uploads\/2025\/09\/bao-bi-giong-TNHG-1-kg.png","datePublished":"2025-09-28T08:51:56+00:00","dateModified":"2025-11-09T17:13:44+00:00","breadcrumb":{"@id":"https:\/\/nongnghiepsobacquang.com\/product\/thoc-giong-te-nuong-ha-giang\/#breadcrumb"},"inLanguage":"en-US","potentialAction":[{"@type":"ReadAction","target":["https:\/\/nongnghiepsobacquang.com\/product\/thoc-giong-te-nuong-ha-giang\/"]}]},{"@type":"ImageObject","inLanguage":"en-US","@id":"https:\/\/nongnghiepsobacquang.com\/product\/thoc-giong-te-nuong-ha-giang\/#primaryimage","url":"https:\/\/nongnghiepsobacquang.com\/wp-content\/uploads\/2025\/09\/bao-bi-giong-TNHG-1-kg.png","contentUrl":"https:\/\/nongnghiepsobacquang.com\/wp-content\/uploads\/2025\/09\/bao-bi-giong-TNHG-1-kg.png","width":783,"height":1007},{"@type":"BreadcrumbList","@id":"https:\/\/nongnghiepsobacquang.com\/product\/thoc-giong-te-nuong-ha-giang\/#breadcrumb","itemListElement":[{"@type":"ListItem","position":1,"name":"Home","item":"https:\/\/nongnghiepsobacquang.com\/"},{"@type":"ListItem","position":2,"name":"C\u1eeda h\u00e0ng","item":"https:\/\/nongnghiepsobacquang.com\/shop\/"},{"@type":"ListItem","position":3,"name":"Th\u00f3c gi\u1ed1ng T\u1ebb n\u01b0\u01a1ng H\u00e0 Giang"}]},{"@type":"WebSite","@id":"https:\/\/nongnghiepsobacquang.com\/#website","url":"https:\/\/nongnghiepsobacquang.com\/","name":"Bac Quang District Digital Agricultural Cooperative","description":"H\u1ee3p t\u00e1c x\u00e3 N\u00f4ng nghi\u1ec7p s\u1ed1 huy\u1ec7n B\u1eafc Quang \u0111\u01b0\u1ee3c th\u00e0nh l\u1eadp ng\u00e0y 10 th\u00e1ng 02 n\u0103m 2022, ho\u1ea1t \u0111\u1ed9ng trong l\u0129nh v\u1ef1c li\u00ean k\u1ebft tr\u1ed3ng, s\u1ea3n xu\u1ea5t v\u00e0 kinh doanh c\u00e1c s\u1ea3n ph\u1ea9m v\u00e0 d\u1ecbch v\u1ee5 n\u00f4ng nghi\u1ec7p.","publisher":{"@id":"https:\/\/nongnghiepsobacquang.com\/#organization"},"potentialAction":[{"@type":"SearchAction","target":{"@type":"EntryPoint","urlTemplate":"https:\/\/nongnghiepsobacquang.com\/?s={search_term_string}"},"query-input":{"@type":"PropertyValueSpecification","valueRequired":true,"valueName":"search_term_string"}}],"inLanguage":"en-US"},{"@type":"Organization","@id":"https:\/\/nongnghiepsobacquang.com\/#organization","name":"Bac Quang District Digital Agricultural Cooperative","url":"https:\/\/nongnghiepsobacquang.com\/","logo":{"@type":"ImageObject","inLanguage":"en-US","@id":"https:\/\/nongnghiepsobacquang.com\/#\/schema\/logo\/image\/","url":"https:\/\/nongnghiepsobacquang.com\/wp-content\/uploads\/2025\/10\/cropped-icon-HTX-HG-01.png","contentUrl":"https:\/\/nongnghiepsobacquang.com\/wp-content\/uploads\/2025\/10\/cropped-icon-HTX-HG-01.png","width":512,"height":512,"caption":"H\u1ee3p t\u00e1c x\u00e3 N\u00f4ng nghi\u1ec7p s\u1ed1 huy\u1ec7n B\u1eafc Quang"},"image":{"@id":"https:\/\/nongnghiepsobacquang.com\/#\/schema\/logo\/image\/"}}]}},"_links":{"self":[{"href":"https:\/\/nongnghiepsobacquang.com\/en\/wp-json\/wp\/v2\/product\/2121","targetHints":{"allow":["GET"]}}],"collection":[{"href":"https:\/\/nongnghiepsobacquang.com\/en\/wp-json\/wp\/v2\/product"}],"about":[{"href":"https:\/\/nongnghiepsobacquang.com\/en\/wp-json\/wp\/v2\/types\/product"}],"replies":[{"embeddable":true,"href":"https:\/\/nongnghiepsobacquang.com\/en\/wp-json\/wp\/v2\/comments?post=2121"}],"wp:featuredmedia":[{"embeddable":true,"href":"https:\/\/nongnghiepsobacquang.com\/en\/wp-json\/wp\/v2\/media\/2230"}],"wp:attachment":[{"href":"https:\/\/nongnghiepsobacquang.com\/en\/wp-json\/wp\/v2\/media?parent=2121"}],"wp:term":[{"taxonomy":"product_brand","embeddable":true,"href":"https:\/\/nongnghiepsobacquang.com\/en\/wp-json\/wp\/v2\/product_brand?post=2121"},{"taxonomy":"product_cat","embeddable":true,"href":"https:\/\/nongnghiepsobacquang.com\/en\/wp-json\/wp\/v2\/product_cat?post=2121"},{"taxonomy":"product_tag","embeddable":true,"href":"https:\/\/nongnghiepsobacquang.com\/en\/wp-json\/wp\/v2\/product_tag?post=2121"}],"curies":[{"name":"wp","href":"https:\/\/api.w.org\/{rel}","templated":true}]}}