{"id":2120,"date":"2025-09-28T15:49:58","date_gmt":"2025-09-28T08:49:58","guid":{"rendered":"https:\/\/nongnghiepsobacquang.com\/?post_type=product&#038;p=2120"},"modified":"2025-12-08T17:57:02","modified_gmt":"2025-12-08T10:57:02","slug":"gao-chat-luong-te-nuong-ha-giang","status":"publish","type":"product","link":"https:\/\/nongnghiepsobacquang.com\/en\/product\/gao-chat-luong-te-nuong-ha-giang\/","title":{"rendered":"High quality Ha Giang rice"},"content":{"rendered":"<div style=\"text-align: justify;\">\n<blockquote><p><strong>High quality Ha Giang rice<\/strong> l\u00e0 s\u1ea3n ph\u1ea9m g\u1ea1o ch\u1ea5t l\u01b0\u1ee3ng cao, \u0111\u01b0\u1ee3c s\u1ea3n xu\u1ea5t tr\u1ef1c ti\u1ebfp t\u1eeb <a href=\"https:\/\/nongnghiepsobacquang.com\/en\/product\/thoc-giong-te-nuong-ha-giang\/\">Te Nuong Ha Giang rice seeds<\/a> \u2013 gi\u1ed1ng l\u00faa b\u1ea3n \u0111\u1ecba c\u00f3 ngu\u1ed3n g\u1ed1c t\u1eeb huy\u1ec7n Y\u00ean Minh, t\u1ec9nh H\u00e0 Giang.<\/p><\/blockquote>\n<p><b>\u0110\u1eb7c \u0111i\u1ec3m n\u1ed5i b\u1eadt c\u1ee7a s\u1ea3n ph\u1ea9m:<\/b><\/p>\n<ul>\n<li><b>Ch\u1ea5t l\u01b0\u1ee3ng c\u01a1m:<\/b> Khi n\u1ea5u, g\u1ea1o TNHG cho th\u00e0nh ph\u1ea9m c\u01a1m <b>d\u1ebbo, th\u01a1m ngon v\u00e0 c\u00f3 h\u01b0\u01a1ng v\u1ecb \u0111\u1eadm \u0111\u00e0<\/b> \u0111\u1eb7c tr\u01b0ng.<\/li>\n<li><b>H\u00ecnh th\u1ee9c h\u1ea1t g\u1ea1o:<\/b> S\u1ea3n ph\u1ea9m c\u00f3 <b>h\u1ea1t g\u1ea1o \u0111\u1eb9p<\/b>, t\u1ef7 l\u1ec7 xay x\u00e1t cao (tr\u00ean 70%), cho ra h\u1ea1t g\u1ea1o th\u00e0nh ph\u1ea9m ch\u1ea5t l\u01b0\u1ee3ng, \u0111\u1ed3ng \u0111\u1ec1u.<\/li>\n<li><b>Ch\u1ea5t l\u01b0\u1ee3ng an to\u00e0n, \u1ed5n \u0111\u1ecbnh:<\/b> G\u1ea1o TNHG \u0111\u01b0\u1ee3c s\u1ea3n xu\u1ea5t t\u1eeb gi\u1ed1ng l\u00faa c\u00f3 kh\u1ea3 n\u0103ng th\u00edch \u1ee9ng cao v\u1edbi \u0111i\u1ec1u ki\u1ec7n t\u1ef1 nhi\u00ean (ch\u1ecbu h\u1ea1n, ch\u1ecbu r\u00e9t). \u0110\u1eb7c bi\u1ec7t, gi\u1ed1ng l\u00faa n\u00e0y c\u00f3 kh\u1ea3 n\u0103ng <b>ch\u1ed1ng ch\u1ecbu s\u00e2u b\u1ec7nh t\u1ef1 nhi\u00ean t\u1ed1t<\/b> (nh\u01b0 b\u1ec7nh \u0111\u1ea1o \u00f4n, kh\u00f4 v\u1eb1n, b\u1ea1c l\u00e1), g\u00f3p ph\u1ea7n mang \u0111\u1ebfn s\u1ea3n ph\u1ea9m g\u1ea1o s\u1ea1ch, an to\u00e0n v\u00e0 ch\u1ea5t l\u01b0\u1ee3ng \u1ed5n \u0111\u1ecbnh qua c\u00e1c m\u00f9a v\u1ee5.<\/li>\n<\/ul>\n<\/div>","protected":false},"excerpt":{"rendered":"<div style=\"text-align: justify;\"><strong>High quality Ha Giang rice<\/strong> l\u00e0 s\u1ea3n ph\u1ea9m g\u1ea1o ch\u1ea5t l\u01b0\u1ee3ng cao, \u0111\u01b0\u1ee3c s\u1ea3n xu\u1ea5t tr\u1ef1c ti\u1ebfp t\u1eeb <a href=\"https:\/\/nongnghiepsobacquang.com\/en\/product\/thoc-giong-te-nuong-ha-giang\/\">Te Nuong Ha Giang rice seeds<\/a> \u2013 gi\u1ed1ng l\u00faa b\u1ea3n \u0111\u1ecba c\u00f3 ngu\u1ed3n g\u1ed1c t\u1eeb huy\u1ec7n Y\u00ean Minh, t\u1ec9nh H\u00e0 Giang.<br \/>\nG\u1ea1o cho th\u00e0nh ph\u1ea9m c\u01a1m <b>d\u1ebbo, th\u01a1m ngon v\u00e0 c\u00f3 h\u01b0\u01a1ng v\u1ecb \u0111\u1eadm \u0111\u00e0<\/b> \u0111\u1eb7c tr\u01b0ng.<\/div>","protected":false},"featured_media":2486,"comment_status":"open","ping_status":"closed","template":"","meta":[],"product_brand":[],"product_cat":[35],"product_tag":[],"class_list":{"0":"post-2120","1":"product","2":"type-product","3":"status-publish","4":"has-post-thumbnail","6":"product_cat-product","8":"first","9":"instock","10":"featured","11":"shipping-taxable","12":"product-type-simple"},"yoast_head":"<!-- This site is optimized with the Yoast SEO plugin v26.3 - https:\/\/yoast.com\/wordpress\/plugins\/seo\/ -->\n<title>G\u1ea1o ch\u1ea5t l\u01b0\u1ee3ng T\u1ebb n\u01b0\u01a1ng H\u00e0 Giang - HTX N\u00f4ng nghi\u1ec7p s\u1ed1 huy\u1ec7n B\u1eafc Quang | S\u1ea3n xu\u1ea5t v\u00e0 kinh doanh s\u1ea3n ph\u1ea9m n\u00f4ng nghi\u1ec7p - D\u1ecbch v\u1ee5 N\u00f4ng nghi\u1ec7p C\u00f4ng ngh\u1ec7 cao<\/title>\n<meta name=\"robots\" content=\"index, follow, max-snippet:-1, max-image-preview:large, max-video-preview:-1\" \/>\n<link rel=\"canonical\" href=\"https:\/\/nongnghiepsobacquang.com\/en\/product\/gao-chat-luong-te-nuong-ha-giang\/\" \/>\n<meta property=\"og:locale\" content=\"en_US\" \/>\n<meta property=\"og:type\" content=\"article\" \/>\n<meta property=\"og:title\" content=\"G\u1ea1o ch\u1ea5t l\u01b0\u1ee3ng T\u1ebb n\u01b0\u01a1ng H\u00e0 Giang - HTX N\u00f4ng nghi\u1ec7p s\u1ed1 huy\u1ec7n B\u1eafc Quang | S\u1ea3n xu\u1ea5t v\u00e0 kinh doanh s\u1ea3n ph\u1ea9m n\u00f4ng nghi\u1ec7p - D\u1ecbch v\u1ee5 N\u00f4ng nghi\u1ec7p C\u00f4ng ngh\u1ec7 cao\" \/>\n<meta property=\"og:description\" content=\"G\u1ea1o ch\u1ea5t l\u01b0\u1ee3ng T\u1ebb n\u01b0\u01a1ng H\u00e0 Giang l\u00e0 s\u1ea3n ph\u1ea9m g\u1ea1o ch\u1ea5t l\u01b0\u1ee3ng cao, \u0111\u01b0\u1ee3c s\u1ea3n xu\u1ea5t tr\u1ef1c ti\u1ebfp t\u1eeb Th\u00f3c gi\u1ed1ng T\u1ebb n\u01b0\u01a1ng H\u00e0 Giang \u2013 gi\u1ed1ng l\u00faa b\u1ea3n \u0111\u1ecba c\u00f3 ngu\u1ed3n g\u1ed1c t\u1eeb huy\u1ec7n Y\u00ean Minh, t\u1ec9nh H\u00e0 Giang. G\u1ea1o cho th\u00e0nh ph\u1ea9m c\u01a1m d\u1ebbo, th\u01a1m ngon v\u00e0 c\u00f3 h\u01b0\u01a1ng v\u1ecb \u0111\u1eadm \u0111\u00e0 \u0111\u1eb7c tr\u01b0ng.\" \/>\n<meta property=\"og:url\" content=\"https:\/\/nongnghiepsobacquang.com\/en\/product\/gao-chat-luong-te-nuong-ha-giang\/\" \/>\n<meta property=\"og:site_name\" content=\"HTX N\u00f4ng nghi\u1ec7p s\u1ed1 huy\u1ec7n B\u1eafc Quang | S\u1ea3n xu\u1ea5t v\u00e0 kinh doanh s\u1ea3n ph\u1ea9m n\u00f4ng nghi\u1ec7p - D\u1ecbch v\u1ee5 N\u00f4ng nghi\u1ec7p C\u00f4ng ngh\u1ec7 cao\" \/>\n<meta property=\"article:modified_time\" content=\"2025-12-08T10:57:02+00:00\" \/>\n<meta property=\"og:image\" content=\"https:\/\/nongnghiepsobacquang.com\/wp-content\/uploads\/2025\/09\/gao-cl.jpg\" \/>\n\t<meta property=\"og:image:width\" content=\"181\" \/>\n\t<meta property=\"og:image:height\" content=\"238\" \/>\n\t<meta property=\"og:image:type\" content=\"image\/jpeg\" \/>\n<meta name=\"twitter:card\" content=\"summary_large_image\" \/>\n<meta name=\"twitter:label1\" content=\"Est. reading time\" \/>\n\t<meta name=\"twitter:data1\" content=\"1 minute\" \/>\n<script type=\"application\/ld+json\" class=\"yoast-schema-graph\">{\"@context\":\"https:\/\/schema.org\",\"@graph\":[{\"@type\":\"WebPage\",\"@id\":\"https:\/\/nongnghiepsobacquang.com\/product\/gao-chat-luong-te-nuong-ha-giang\/\",\"url\":\"https:\/\/nongnghiepsobacquang.com\/product\/gao-chat-luong-te-nuong-ha-giang\/\",\"name\":\"G\u1ea1o ch\u1ea5t l\u01b0\u1ee3ng T\u1ebb n\u01b0\u01a1ng H\u00e0 Giang - HTX N\u00f4ng nghi\u1ec7p s\u1ed1 huy\u1ec7n B\u1eafc Quang | S\u1ea3n xu\u1ea5t v\u00e0 kinh doanh s\u1ea3n ph\u1ea9m n\u00f4ng nghi\u1ec7p - D\u1ecbch v\u1ee5 N\u00f4ng nghi\u1ec7p C\u00f4ng ngh\u1ec7 cao\",\"isPartOf\":{\"@id\":\"https:\/\/nongnghiepsobacquang.com\/#website\"},\"primaryImageOfPage\":{\"@id\":\"https:\/\/nongnghiepsobacquang.com\/product\/gao-chat-luong-te-nuong-ha-giang\/#primaryimage\"},\"image\":{\"@id\":\"https:\/\/nongnghiepsobacquang.com\/product\/gao-chat-luong-te-nuong-ha-giang\/#primaryimage\"},\"thumbnailUrl\":\"https:\/\/nongnghiepsobacquang.com\/wp-content\/uploads\/2025\/09\/gao-cl.jpg\",\"datePublished\":\"2025-09-28T08:49:58+00:00\",\"dateModified\":\"2025-12-08T10:57:02+00:00\",\"breadcrumb\":{\"@id\":\"https:\/\/nongnghiepsobacquang.com\/product\/gao-chat-luong-te-nuong-ha-giang\/#breadcrumb\"},\"inLanguage\":\"en-US\",\"potentialAction\":[{\"@type\":\"ReadAction\",\"target\":[\"https:\/\/nongnghiepsobacquang.com\/product\/gao-chat-luong-te-nuong-ha-giang\/\"]}]},{\"@type\":\"ImageObject\",\"inLanguage\":\"en-US\",\"@id\":\"https:\/\/nongnghiepsobacquang.com\/product\/gao-chat-luong-te-nuong-ha-giang\/#primaryimage\",\"url\":\"https:\/\/nongnghiepsobacquang.com\/wp-content\/uploads\/2025\/09\/gao-cl.jpg\",\"contentUrl\":\"https:\/\/nongnghiepsobacquang.com\/wp-content\/uploads\/2025\/09\/gao-cl.jpg\",\"width\":181,\"height\":238},{\"@type\":\"BreadcrumbList\",\"@id\":\"https:\/\/nongnghiepsobacquang.com\/product\/gao-chat-luong-te-nuong-ha-giang\/#breadcrumb\",\"itemListElement\":[{\"@type\":\"ListItem\",\"position\":1,\"name\":\"Home\",\"item\":\"https:\/\/nongnghiepsobacquang.com\/\"},{\"@type\":\"ListItem\",\"position\":2,\"name\":\"C\u1eeda h\u00e0ng\",\"item\":\"https:\/\/nongnghiepsobacquang.com\/shop\/\"},{\"@type\":\"ListItem\",\"position\":3,\"name\":\"G\u1ea1o ch\u1ea5t l\u01b0\u1ee3ng T\u1ebb n\u01b0\u01a1ng H\u00e0 Giang\"}]},{\"@type\":\"WebSite\",\"@id\":\"https:\/\/nongnghiepsobacquang.com\/#website\",\"url\":\"https:\/\/nongnghiepsobacquang.com\/\",\"name\":\"H\u1ee3p t\u00e1c x\u00e3 N\u00f4ng nghi\u1ec7p s\u1ed1 huy\u1ec7n B\u1eafc Quang\",\"description\":\"H\u1ee3p t\u00e1c x\u00e3 N\u00f4ng nghi\u1ec7p s\u1ed1 huy\u1ec7n B\u1eafc Quang \u0111\u01b0\u1ee3c th\u00e0nh l\u1eadp ng\u00e0y 10 th\u00e1ng 02 n\u0103m 2022, ho\u1ea1t \u0111\u1ed9ng trong l\u0129nh v\u1ef1c li\u00ean k\u1ebft tr\u1ed3ng, s\u1ea3n xu\u1ea5t v\u00e0 kinh doanh c\u00e1c s\u1ea3n ph\u1ea9m v\u00e0 d\u1ecbch v\u1ee5 n\u00f4ng nghi\u1ec7p.\",\"publisher\":{\"@id\":\"https:\/\/nongnghiepsobacquang.com\/#organization\"},\"potentialAction\":[{\"@type\":\"SearchAction\",\"target\":{\"@type\":\"EntryPoint\",\"urlTemplate\":\"https:\/\/nongnghiepsobacquang.com\/?s={search_term_string}\"},\"query-input\":{\"@type\":\"PropertyValueSpecification\",\"valueRequired\":true,\"valueName\":\"search_term_string\"}}],\"inLanguage\":\"en-US\"},{\"@type\":\"Organization\",\"@id\":\"https:\/\/nongnghiepsobacquang.com\/#organization\",\"name\":\"H\u1ee3p t\u00e1c x\u00e3 N\u00f4ng nghi\u1ec7p s\u1ed1 huy\u1ec7n B\u1eafc Quang\",\"url\":\"https:\/\/nongnghiepsobacquang.com\/\",\"logo\":{\"@type\":\"ImageObject\",\"inLanguage\":\"en-US\",\"@id\":\"https:\/\/nongnghiepsobacquang.com\/#\/schema\/logo\/image\/\",\"url\":\"https:\/\/nongnghiepsobacquang.com\/wp-content\/uploads\/2025\/10\/cropped-icon-HTX-HG-01.png\",\"contentUrl\":\"https:\/\/nongnghiepsobacquang.com\/wp-content\/uploads\/2025\/10\/cropped-icon-HTX-HG-01.png\",\"width\":512,\"height\":512,\"caption\":\"H\u1ee3p t\u00e1c x\u00e3 N\u00f4ng nghi\u1ec7p s\u1ed1 huy\u1ec7n B\u1eafc Quang\"},\"image\":{\"@id\":\"https:\/\/nongnghiepsobacquang.com\/#\/schema\/logo\/image\/\"}}]}<\/script>\n<!-- \/ Yoast SEO plugin. -->","yoast_head_json":{"title":"G\u1ea1o ch\u1ea5t l\u01b0\u1ee3ng T\u1ebb n\u01b0\u01a1ng H\u00e0 Giang - HTX N\u00f4ng nghi\u1ec7p s\u1ed1 huy\u1ec7n B\u1eafc Quang | S\u1ea3n xu\u1ea5t v\u00e0 kinh doanh s\u1ea3n ph\u1ea9m n\u00f4ng nghi\u1ec7p - D\u1ecbch v\u1ee5 N\u00f4ng nghi\u1ec7p C\u00f4ng ngh\u1ec7 cao","robots":{"index":"index","follow":"follow","max-snippet":"max-snippet:-1","max-image-preview":"max-image-preview:large","max-video-preview":"max-video-preview:-1"},"canonical":"https:\/\/nongnghiepsobacquang.com\/en\/product\/gao-chat-luong-te-nuong-ha-giang\/","og_locale":"en_US","og_type":"article","og_title":"G\u1ea1o ch\u1ea5t l\u01b0\u1ee3ng T\u1ebb n\u01b0\u01a1ng H\u00e0 Giang - HTX N\u00f4ng nghi\u1ec7p s\u1ed1 huy\u1ec7n B\u1eafc Quang | S\u1ea3n xu\u1ea5t v\u00e0 kinh doanh s\u1ea3n ph\u1ea9m n\u00f4ng nghi\u1ec7p - D\u1ecbch v\u1ee5 N\u00f4ng nghi\u1ec7p C\u00f4ng ngh\u1ec7 cao","og_description":"G\u1ea1o ch\u1ea5t l\u01b0\u1ee3ng T\u1ebb n\u01b0\u01a1ng H\u00e0 Giang l\u00e0 s\u1ea3n ph\u1ea9m g\u1ea1o ch\u1ea5t l\u01b0\u1ee3ng cao, \u0111\u01b0\u1ee3c s\u1ea3n xu\u1ea5t tr\u1ef1c ti\u1ebfp t\u1eeb Th\u00f3c gi\u1ed1ng T\u1ebb n\u01b0\u01a1ng H\u00e0 Giang \u2013 gi\u1ed1ng l\u00faa b\u1ea3n \u0111\u1ecba c\u00f3 ngu\u1ed3n g\u1ed1c t\u1eeb huy\u1ec7n Y\u00ean Minh, t\u1ec9nh H\u00e0 Giang. G\u1ea1o cho th\u00e0nh ph\u1ea9m c\u01a1m d\u1ebbo, th\u01a1m ngon v\u00e0 c\u00f3 h\u01b0\u01a1ng v\u1ecb \u0111\u1eadm \u0111\u00e0 \u0111\u1eb7c tr\u01b0ng.","og_url":"https:\/\/nongnghiepsobacquang.com\/en\/product\/gao-chat-luong-te-nuong-ha-giang\/","og_site_name":"HTX N\u00f4ng nghi\u1ec7p s\u1ed1 huy\u1ec7n B\u1eafc Quang | S\u1ea3n xu\u1ea5t v\u00e0 kinh doanh s\u1ea3n ph\u1ea9m n\u00f4ng nghi\u1ec7p - D\u1ecbch v\u1ee5 N\u00f4ng nghi\u1ec7p C\u00f4ng ngh\u1ec7 cao","article_modified_time":"2025-12-08T10:57:02+00:00","og_image":[{"width":181,"height":238,"url":"https:\/\/nongnghiepsobacquang.com\/wp-content\/uploads\/2025\/09\/gao-cl.jpg","type":"image\/jpeg"}],"twitter_card":"summary_large_image","twitter_misc":{"Est. reading time":"1 minute"},"schema":{"@context":"https:\/\/schema.org","@graph":[{"@type":"WebPage","@id":"https:\/\/nongnghiepsobacquang.com\/product\/gao-chat-luong-te-nuong-ha-giang\/","url":"https:\/\/nongnghiepsobacquang.com\/product\/gao-chat-luong-te-nuong-ha-giang\/","name":"G\u1ea1o ch\u1ea5t l\u01b0\u1ee3ng T\u1ebb n\u01b0\u01a1ng H\u00e0 Giang - HTX N\u00f4ng nghi\u1ec7p s\u1ed1 huy\u1ec7n B\u1eafc Quang | S\u1ea3n xu\u1ea5t v\u00e0 kinh doanh s\u1ea3n ph\u1ea9m n\u00f4ng nghi\u1ec7p - D\u1ecbch v\u1ee5 N\u00f4ng nghi\u1ec7p C\u00f4ng ngh\u1ec7 cao","isPartOf":{"@id":"https:\/\/nongnghiepsobacquang.com\/#website"},"primaryImageOfPage":{"@id":"https:\/\/nongnghiepsobacquang.com\/product\/gao-chat-luong-te-nuong-ha-giang\/#primaryimage"},"image":{"@id":"https:\/\/nongnghiepsobacquang.com\/product\/gao-chat-luong-te-nuong-ha-giang\/#primaryimage"},"thumbnailUrl":"https:\/\/nongnghiepsobacquang.com\/wp-content\/uploads\/2025\/09\/gao-cl.jpg","datePublished":"2025-09-28T08:49:58+00:00","dateModified":"2025-12-08T10:57:02+00:00","breadcrumb":{"@id":"https:\/\/nongnghiepsobacquang.com\/product\/gao-chat-luong-te-nuong-ha-giang\/#breadcrumb"},"inLanguage":"en-US","potentialAction":[{"@type":"ReadAction","target":["https:\/\/nongnghiepsobacquang.com\/product\/gao-chat-luong-te-nuong-ha-giang\/"]}]},{"@type":"ImageObject","inLanguage":"en-US","@id":"https:\/\/nongnghiepsobacquang.com\/product\/gao-chat-luong-te-nuong-ha-giang\/#primaryimage","url":"https:\/\/nongnghiepsobacquang.com\/wp-content\/uploads\/2025\/09\/gao-cl.jpg","contentUrl":"https:\/\/nongnghiepsobacquang.com\/wp-content\/uploads\/2025\/09\/gao-cl.jpg","width":181,"height":238},{"@type":"BreadcrumbList","@id":"https:\/\/nongnghiepsobacquang.com\/product\/gao-chat-luong-te-nuong-ha-giang\/#breadcrumb","itemListElement":[{"@type":"ListItem","position":1,"name":"Home","item":"https:\/\/nongnghiepsobacquang.com\/"},{"@type":"ListItem","position":2,"name":"C\u1eeda h\u00e0ng","item":"https:\/\/nongnghiepsobacquang.com\/shop\/"},{"@type":"ListItem","position":3,"name":"G\u1ea1o ch\u1ea5t l\u01b0\u1ee3ng T\u1ebb n\u01b0\u01a1ng H\u00e0 Giang"}]},{"@type":"WebSite","@id":"https:\/\/nongnghiepsobacquang.com\/#website","url":"https:\/\/nongnghiepsobacquang.com\/","name":"Bac Quang District Digital Agricultural Cooperative","description":"H\u1ee3p t\u00e1c x\u00e3 N\u00f4ng nghi\u1ec7p s\u1ed1 huy\u1ec7n B\u1eafc Quang \u0111\u01b0\u1ee3c th\u00e0nh l\u1eadp ng\u00e0y 10 th\u00e1ng 02 n\u0103m 2022, ho\u1ea1t \u0111\u1ed9ng trong l\u0129nh v\u1ef1c li\u00ean k\u1ebft tr\u1ed3ng, s\u1ea3n xu\u1ea5t v\u00e0 kinh doanh c\u00e1c s\u1ea3n ph\u1ea9m v\u00e0 d\u1ecbch v\u1ee5 n\u00f4ng nghi\u1ec7p.","publisher":{"@id":"https:\/\/nongnghiepsobacquang.com\/#organization"},"potentialAction":[{"@type":"SearchAction","target":{"@type":"EntryPoint","urlTemplate":"https:\/\/nongnghiepsobacquang.com\/?s={search_term_string}"},"query-input":{"@type":"PropertyValueSpecification","valueRequired":true,"valueName":"search_term_string"}}],"inLanguage":"en-US"},{"@type":"Organization","@id":"https:\/\/nongnghiepsobacquang.com\/#organization","name":"Bac Quang District Digital Agricultural Cooperative","url":"https:\/\/nongnghiepsobacquang.com\/","logo":{"@type":"ImageObject","inLanguage":"en-US","@id":"https:\/\/nongnghiepsobacquang.com\/#\/schema\/logo\/image\/","url":"https:\/\/nongnghiepsobacquang.com\/wp-content\/uploads\/2025\/10\/cropped-icon-HTX-HG-01.png","contentUrl":"https:\/\/nongnghiepsobacquang.com\/wp-content\/uploads\/2025\/10\/cropped-icon-HTX-HG-01.png","width":512,"height":512,"caption":"H\u1ee3p t\u00e1c x\u00e3 N\u00f4ng nghi\u1ec7p s\u1ed1 huy\u1ec7n B\u1eafc Quang"},"image":{"@id":"https:\/\/nongnghiepsobacquang.com\/#\/schema\/logo\/image\/"}}]}},"_links":{"self":[{"href":"https:\/\/nongnghiepsobacquang.com\/en\/wp-json\/wp\/v2\/product\/2120","targetHints":{"allow":["GET"]}}],"collection":[{"href":"https:\/\/nongnghiepsobacquang.com\/en\/wp-json\/wp\/v2\/product"}],"about":[{"href":"https:\/\/nongnghiepsobacquang.com\/en\/wp-json\/wp\/v2\/types\/product"}],"replies":[{"embeddable":true,"href":"https:\/\/nongnghiepsobacquang.com\/en\/wp-json\/wp\/v2\/comments?post=2120"}],"wp:featuredmedia":[{"embeddable":true,"href":"https:\/\/nongnghiepsobacquang.com\/en\/wp-json\/wp\/v2\/media\/2486"}],"wp:attachment":[{"href":"https:\/\/nongnghiepsobacquang.com\/en\/wp-json\/wp\/v2\/media?parent=2120"}],"wp:term":[{"taxonomy":"product_brand","embeddable":true,"href":"https:\/\/nongnghiepsobacquang.com\/en\/wp-json\/wp\/v2\/product_brand?post=2120"},{"taxonomy":"product_cat","embeddable":true,"href":"https:\/\/nongnghiepsobacquang.com\/en\/wp-json\/wp\/v2\/product_cat?post=2120"},{"taxonomy":"product_tag","embeddable":true,"href":"https:\/\/nongnghiepsobacquang.com\/en\/wp-json\/wp\/v2\/product_tag?post=2120"}],"curies":[{"name":"wp","href":"https:\/\/api.w.org\/{rel}","templated":true}]}}