{"id":1311,"date":"2025-09-15T09:21:47","date_gmt":"2025-09-15T09:21:47","guid":{"rendered":"https:\/\/nongnghiepsobacquang.com\/contact-us\/"},"modified":"2025-11-09T20:41:27","modified_gmt":"2025-11-09T13:41:27","slug":"contact-us","status":"publish","type":"page","link":"https:\/\/nongnghiepsobacquang.com\/en\/contact-us\/","title":{"rendered":"Contact"},"content":{"rendered":"<div data-elementor-type=\"wp-post\" data-elementor-id=\"1311\" class=\"elementor elementor-1311\">\n\t\t\t\t<div class=\"elementor-element elementor-element-cd79e06 e-flex e-con-boxed wpr-particle-no wpr-jarallax-no wpr-parallax-no wpr-sticky-section-no e-con e-parent\" data-id=\"cd79e06\" data-element_type=\"container\" data-settings=\"{&quot;background_background&quot;:&quot;classic&quot;}\">\n\t\t\t\t\t<div class=\"e-con-inner\">\n\t\t<div class=\"elementor-element elementor-element-9d33425 e-con-full e-flex wpr-particle-no wpr-jarallax-no wpr-parallax-no wpr-sticky-section-no e-con e-child\" data-id=\"9d33425\" data-element_type=\"container\">\n\t\t\t\t<div class=\"elementor-element elementor-element-06e010a elementor-widget elementor-widget-heading\" data-id=\"06e010a\" data-element_type=\"widget\" data-widget_type=\"heading.default\">\n\t\t\t\t<div class=\"elementor-widget-container\">\n\t\t\t\t\t<h1 class=\"elementor-heading-title elementor-size-default\">CONTACT INFORMATION<\/h1>\t\t\t\t<\/div>\n\t\t\t\t<\/div>\n\t\t\t\t<\/div>\n\t\t\t\t\t<\/div>\n\t\t\t\t<\/div>\n\t\t<div class=\"elementor-element elementor-element-fb8a33b e-flex e-con-boxed wpr-particle-no wpr-jarallax-no wpr-parallax-no wpr-sticky-section-no e-con e-parent\" data-id=\"fb8a33b\" data-element_type=\"container\">\n\t\t\t\t\t<div class=\"e-con-inner\">\n\t\t<div class=\"elementor-element elementor-element-d881afa e-con-full e-flex wpr-particle-no wpr-jarallax-no wpr-parallax-no wpr-sticky-section-no e-con e-child\" data-id=\"d881afa\" data-element_type=\"container\">\n\t\t<div class=\"elementor-element elementor-element-965a021 e-flex e-con-boxed wpr-particle-no wpr-jarallax-no wpr-parallax-no wpr-sticky-section-no e-con e-child\" data-id=\"965a021\" data-element_type=\"container\">\n\t\t\t\t\t<div class=\"e-con-inner\">\n\t\t\t\t<div class=\"elementor-element elementor-element-4e03b11 elementor-view-stacked elementor-position-left elementor-widget__width-auto elementor-widget-mobile__width-inherit elementor-shape-circle elementor-mobile-position-top elementor-widget elementor-widget-icon-box\" data-id=\"4e03b11\" data-element_type=\"widget\" data-widget_type=\"icon-box.default\">\n\t\t\t\t<div class=\"elementor-widget-container\">\n\t\t\t\t\t\t\t<div class=\"elementor-icon-box-wrapper\">\n\n\t\t\t\t\t\t<div class=\"elementor-icon-box-icon\">\n\t\t\t\t<span  class=\"elementor-icon\">\n\t\t\t\t<i aria-hidden=\"true\" class=\"fas fa-map-marker-alt\"><\/i>\t\t\t\t<\/span>\n\t\t\t<\/div>\n\t\t\t\n\t\t\t\t\t\t<div class=\"elementor-icon-box-content\">\n\n\t\t\t\t\t\t\t\t\t<h4 class=\"elementor-icon-box-title\">\n\t\t\t\t\t\t<span  >\n\t\t\t\t\t\t\tAddress\t\t\t\t\t\t<\/span>\n\t\t\t\t\t<\/h4>\n\t\t\t\t\n\t\t\t\t\t\t\t\t\t<p class=\"elementor-icon-box-description\">\n\t\t\t\t\t\tVillage 3, Quang Binh Commune, Tuyen Quang Province\t\t\t\t\t<\/p>\n\t\t\t\t\n\t\t\t<\/div>\n\t\t\t\n\t\t<\/div>\n\t\t\t\t\t\t<\/div>\n\t\t\t\t<\/div>\n\t\t\t\t<div class=\"elementor-element elementor-element-9138798 elementor-view-stacked elementor-position-left elementor-widget__width-auto elementor-widget-mobile__width-inherit elementor-shape-circle elementor-mobile-position-top elementor-widget elementor-widget-icon-box\" data-id=\"9138798\" data-element_type=\"widget\" data-widget_type=\"icon-box.default\">\n\t\t\t\t<div class=\"elementor-widget-container\">\n\t\t\t\t\t\t\t<div class=\"elementor-icon-box-wrapper\">\n\n\t\t\t\t\t\t<div class=\"elementor-icon-box-icon\">\n\t\t\t\t<span  class=\"elementor-icon\">\n\t\t\t\t<i aria-hidden=\"true\" class=\"fas fa-phone\"><\/i>\t\t\t\t<\/span>\n\t\t\t<\/div>\n\t\t\t\n\t\t\t\t\t\t<div class=\"elementor-icon-box-content\">\n\n\t\t\t\t\t\t\t\t\t<h4 class=\"elementor-icon-box-title\">\n\t\t\t\t\t\t<span  >\n\t\t\t\t\t\t\tPhone number\t\t\t\t\t\t<\/span>\n\t\t\t\t\t<\/h4>\n\t\t\t\t\n\t\t\t\t\t\t\t\t\t<p class=\"elementor-icon-box-description\">\n\t\t\t\t\t\t0947.579.386\t\t\t\t\t<\/p>\n\t\t\t\t\n\t\t\t<\/div>\n\t\t\t\n\t\t<\/div>\n\t\t\t\t\t\t<\/div>\n\t\t\t\t<\/div>\n\t\t\t\t<div class=\"elementor-element elementor-element-cd5a13f elementor-view-stacked elementor-position-left elementor-widget__width-auto elementor-widget-mobile__width-inherit elementor-shape-circle elementor-mobile-position-top elementor-widget elementor-widget-icon-box\" data-id=\"cd5a13f\" data-element_type=\"widget\" data-widget_type=\"icon-box.default\">\n\t\t\t\t<div class=\"elementor-widget-container\">\n\t\t\t\t\t\t\t<div class=\"elementor-icon-box-wrapper\">\n\n\t\t\t\t\t\t<div class=\"elementor-icon-box-icon\">\n\t\t\t\t<span  class=\"elementor-icon\">\n\t\t\t\t<i aria-hidden=\"true\" class=\"fas fa-envelope\"><\/i>\t\t\t\t<\/span>\n\t\t\t<\/div>\n\t\t\t\n\t\t\t\t\t\t<div class=\"elementor-icon-box-content\">\n\n\t\t\t\t\t\t\t\t\t<h4 class=\"elementor-icon-box-title\">\n\t\t\t\t\t\t<span  >\n\t\t\t\t\t\t\tE-mail\t\t\t\t\t\t<\/span>\n\t\t\t\t\t<\/h4>\n\t\t\t\t\n\t\t\t\t\t\t\t\t\t<p class=\"elementor-icon-box-description\">\n\t\t\t\t\t\tNongnghiepsobacquang@gmail.com\t\t\t\t\t<\/p>\n\t\t\t\t\n\t\t\t<\/div>\n\t\t\t\n\t\t<\/div>\n\t\t\t\t\t\t<\/div>\n\t\t\t\t<\/div>\n\t\t\t\t\t<\/div>\n\t\t\t\t<\/div>\n\t\t\t\t<\/div>\n\t\t<div class=\"elementor-element elementor-element-a6c01bd e-con-full e-flex wpr-particle-no wpr-jarallax-no wpr-parallax-no wpr-sticky-section-no e-con e-child\" data-id=\"a6c01bd\" data-element_type=\"container\">\n\t\t\t\t<div class=\"elementor-element elementor-element-0876a35 elementor-widget elementor-widget-heading\" data-id=\"0876a35\" data-element_type=\"widget\" data-widget_type=\"heading.default\">\n\t\t\t\t<div class=\"elementor-widget-container\">\n\t\t\t\t\t<h3 class=\"elementor-heading-title elementor-size-default\">Contact address<\/h3>\t\t\t\t<\/div>\n\t\t\t\t<\/div>\n\t\t\t\t<div class=\"elementor-element elementor-element-6048b99 elementor-widget elementor-widget-google_maps\" data-id=\"6048b99\" data-element_type=\"widget\" data-widget_type=\"google_maps.default\">\n\t\t\t\t<div class=\"elementor-widget-container\">\n\t\t\t\t\t\t\t<div class=\"elementor-custom-embed\">\n\t\t\t<iframe loading=\"lazy\"\n\t\t\t\t\tsrc=\"https:\/\/maps.google.com\/maps?q=Th%C3%B4n%203%2C%20x%C3%A3%20Quang%20B%C3%ACnh%2C%20t%E1%BB%89nh%20Tuy%C3%AAn%20Quang%2C%20Vi%E1%BB%87t%20Nam&#038;t=m&#038;z=16&#038;output=embed&#038;iwloc=near\"\n\t\t\t\t\ttitle=\"Village 3, Quang Binh Commune, Tuyen Quang Province, Vietnam\"\n\t\t\t\t\taria-label=\"Village 3, Quang Binh Commune, Tuyen Quang Province, Vietnam\"\n\t\t\t><\/iframe>\n\t\t<\/div>\n\t\t\t\t\t\t<\/div>\n\t\t\t\t<\/div>\n\t\t\t\t<div class=\"elementor-element elementor-element-d9ebe36 elementor-widget elementor-widget-button\" data-id=\"d9ebe36\" data-element_type=\"widget\" data-widget_type=\"button.default\">\n\t\t\t\t<div class=\"elementor-widget-container\">\n\t\t\t\t\t\t\t\t\t<div class=\"elementor-button-wrapper\">\n\t\t\t\t\t<a class=\"elementor-button elementor-button-link elementor-size-sm\" href=\"#\">\n\t\t\t\t\t\t<span class=\"elementor-button-content-wrapper\">\n\t\t\t\t\t\t<span class=\"elementor-button-icon\">\n\t\t\t\t<i aria-hidden=\"true\" class=\"fas fa-location-arrow\"><\/i>\t\t\t<\/span>\n\t\t\t\t\t\t\t\t\t<span class=\"elementor-button-text\">Open Map Navigation<\/span>\n\t\t\t\t\t<\/span>\n\t\t\t\t\t<\/a>\n\t\t\t\t<\/div>\n\t\t\t\t\t\t\t\t<\/div>\n\t\t\t\t<\/div>\n\t\t\t\t<\/div>\n\t\t\t\t\t<\/div>\n\t\t\t\t<\/div>\n\t\t\t\t<\/div>","protected":false},"excerpt":{"rendered":"<p>TH\u00d4NG TIN LI\u00caN H\u1ec6 \u0110\u1ecba ch\u1ec9 Th\u00f4n 3, X\u00e3 Quang B\u00ecnh, T\u1ec9nh Tuy\u00ean Quang S\u1ed1 \u0111i\u1ec7n tho\u1ea1i 0947.579.386 Email Nongnghiepsobacquang@gmail.com \u0110\u1ecba ch\u1ec9 li\u00ean h\u1ec7 Open Map Navigation<\/p>","protected":false},"author":1,"featured_media":0,"parent":0,"menu_order":0,"comment_status":"closed","ping_status":"closed","template":"","meta":{"footnotes":""},"class_list":["post-1311","page","type-page","status-publish","hentry"],"yoast_head":"<!-- This site is optimized with the Yoast SEO plugin v26.3 - https:\/\/yoast.com\/wordpress\/plugins\/seo\/ -->\n<title>Li\u00ean h\u1ec7 - HTX N\u00f4ng nghi\u1ec7p s\u1ed1 huy\u1ec7n B\u1eafc Quang | S\u1ea3n xu\u1ea5t v\u00e0 kinh doanh s\u1ea3n ph\u1ea9m n\u00f4ng nghi\u1ec7p - D\u1ecbch v\u1ee5 N\u00f4ng nghi\u1ec7p C\u00f4ng ngh\u1ec7 cao<\/title>\n<meta name=\"robots\" content=\"index, follow, max-snippet:-1, max-image-preview:large, max-video-preview:-1\" \/>\n<link rel=\"canonical\" href=\"https:\/\/nongnghiepsobacquang.com\/en\/contact-us\/\" \/>\n<meta property=\"og:locale\" content=\"en_US\" \/>\n<meta property=\"og:type\" content=\"article\" \/>\n<meta property=\"og:title\" content=\"Li\u00ean h\u1ec7 - HTX N\u00f4ng nghi\u1ec7p s\u1ed1 huy\u1ec7n B\u1eafc Quang | S\u1ea3n xu\u1ea5t v\u00e0 kinh doanh s\u1ea3n ph\u1ea9m n\u00f4ng nghi\u1ec7p - D\u1ecbch v\u1ee5 N\u00f4ng nghi\u1ec7p C\u00f4ng ngh\u1ec7 cao\" \/>\n<meta property=\"og:description\" content=\"TH\u00d4NG TIN LI\u00caN H\u1ec6 \u0110\u1ecba ch\u1ec9 Th\u00f4n 3, X\u00e3 Quang B\u00ecnh, T\u1ec9nh Tuy\u00ean Quang S\u1ed1 \u0111i\u1ec7n tho\u1ea1i 0947.579.386 Email Nongnghiepsobacquang@gmail.com \u0110\u1ecba ch\u1ec9 li\u00ean h\u1ec7 Open Map Navigation\" \/>\n<meta property=\"og:url\" content=\"https:\/\/nongnghiepsobacquang.com\/en\/contact-us\/\" \/>\n<meta property=\"og:site_name\" content=\"HTX N\u00f4ng nghi\u1ec7p s\u1ed1 huy\u1ec7n B\u1eafc Quang | S\u1ea3n xu\u1ea5t v\u00e0 kinh doanh s\u1ea3n ph\u1ea9m n\u00f4ng nghi\u1ec7p - D\u1ecbch v\u1ee5 N\u00f4ng nghi\u1ec7p C\u00f4ng ngh\u1ec7 cao\" \/>\n<meta property=\"article:modified_time\" content=\"2025-11-09T13:41:27+00:00\" \/>\n<meta name=\"twitter:card\" content=\"summary_large_image\" \/>\n<meta name=\"twitter:label1\" content=\"Est. reading time\" \/>\n\t<meta name=\"twitter:data1\" content=\"1 minute\" \/>\n<script type=\"application\/ld+json\" class=\"yoast-schema-graph\">{\"@context\":\"https:\/\/schema.org\",\"@graph\":[{\"@type\":\"WebPage\",\"@id\":\"https:\/\/nongnghiepsobacquang.com\/contact-us\/\",\"url\":\"https:\/\/nongnghiepsobacquang.com\/contact-us\/\",\"name\":\"Li\u00ean h\u1ec7 - HTX N\u00f4ng nghi\u1ec7p s\u1ed1 huy\u1ec7n B\u1eafc Quang | S\u1ea3n xu\u1ea5t v\u00e0 kinh doanh s\u1ea3n ph\u1ea9m n\u00f4ng nghi\u1ec7p - D\u1ecbch v\u1ee5 N\u00f4ng nghi\u1ec7p C\u00f4ng ngh\u1ec7 cao\",\"isPartOf\":{\"@id\":\"https:\/\/nongnghiepsobacquang.com\/#website\"},\"datePublished\":\"2025-09-15T09:21:47+00:00\",\"dateModified\":\"2025-11-09T13:41:27+00:00\",\"breadcrumb\":{\"@id\":\"https:\/\/nongnghiepsobacquang.com\/contact-us\/#breadcrumb\"},\"inLanguage\":\"en-US\",\"potentialAction\":[{\"@type\":\"ReadAction\",\"target\":[\"https:\/\/nongnghiepsobacquang.com\/contact-us\/\"]}]},{\"@type\":\"BreadcrumbList\",\"@id\":\"https:\/\/nongnghiepsobacquang.com\/contact-us\/#breadcrumb\",\"itemListElement\":[{\"@type\":\"ListItem\",\"position\":1,\"name\":\"Home\",\"item\":\"https:\/\/nongnghiepsobacquang.com\/\"},{\"@type\":\"ListItem\",\"position\":2,\"name\":\"Li\u00ean h\u1ec7\"}]},{\"@type\":\"WebSite\",\"@id\":\"https:\/\/nongnghiepsobacquang.com\/#website\",\"url\":\"https:\/\/nongnghiepsobacquang.com\/\",\"name\":\"H\u1ee3p t\u00e1c x\u00e3 N\u00f4ng nghi\u1ec7p s\u1ed1 huy\u1ec7n B\u1eafc Quang\",\"description\":\"H\u1ee3p t\u00e1c x\u00e3 N\u00f4ng nghi\u1ec7p s\u1ed1 huy\u1ec7n B\u1eafc Quang \u0111\u01b0\u1ee3c th\u00e0nh l\u1eadp ng\u00e0y 10 th\u00e1ng 02 n\u0103m 2022, ho\u1ea1t \u0111\u1ed9ng trong l\u0129nh v\u1ef1c li\u00ean k\u1ebft tr\u1ed3ng, s\u1ea3n xu\u1ea5t v\u00e0 kinh doanh c\u00e1c s\u1ea3n ph\u1ea9m v\u00e0 d\u1ecbch v\u1ee5 n\u00f4ng nghi\u1ec7p.\",\"publisher\":{\"@id\":\"https:\/\/nongnghiepsobacquang.com\/#organization\"},\"potentialAction\":[{\"@type\":\"SearchAction\",\"target\":{\"@type\":\"EntryPoint\",\"urlTemplate\":\"https:\/\/nongnghiepsobacquang.com\/?s={search_term_string}\"},\"query-input\":{\"@type\":\"PropertyValueSpecification\",\"valueRequired\":true,\"valueName\":\"search_term_string\"}}],\"inLanguage\":\"en-US\"},{\"@type\":\"Organization\",\"@id\":\"https:\/\/nongnghiepsobacquang.com\/#organization\",\"name\":\"H\u1ee3p t\u00e1c x\u00e3 N\u00f4ng nghi\u1ec7p s\u1ed1 huy\u1ec7n B\u1eafc Quang\",\"url\":\"https:\/\/nongnghiepsobacquang.com\/\",\"logo\":{\"@type\":\"ImageObject\",\"inLanguage\":\"en-US\",\"@id\":\"https:\/\/nongnghiepsobacquang.com\/#\/schema\/logo\/image\/\",\"url\":\"https:\/\/nongnghiepsobacquang.com\/wp-content\/uploads\/2025\/10\/cropped-icon-HTX-HG-01.png\",\"contentUrl\":\"https:\/\/nongnghiepsobacquang.com\/wp-content\/uploads\/2025\/10\/cropped-icon-HTX-HG-01.png\",\"width\":512,\"height\":512,\"caption\":\"H\u1ee3p t\u00e1c x\u00e3 N\u00f4ng nghi\u1ec7p s\u1ed1 huy\u1ec7n B\u1eafc Quang\"},\"image\":{\"@id\":\"https:\/\/nongnghiepsobacquang.com\/#\/schema\/logo\/image\/\"}}]}<\/script>\n<!-- \/ Yoast SEO plugin. -->","yoast_head_json":{"title":"Li\u00ean h\u1ec7 - HTX N\u00f4ng nghi\u1ec7p s\u1ed1 huy\u1ec7n B\u1eafc Quang | S\u1ea3n xu\u1ea5t v\u00e0 kinh doanh s\u1ea3n ph\u1ea9m n\u00f4ng nghi\u1ec7p - D\u1ecbch v\u1ee5 N\u00f4ng nghi\u1ec7p C\u00f4ng ngh\u1ec7 cao","robots":{"index":"index","follow":"follow","max-snippet":"max-snippet:-1","max-image-preview":"max-image-preview:large","max-video-preview":"max-video-preview:-1"},"canonical":"https:\/\/nongnghiepsobacquang.com\/en\/contact-us\/","og_locale":"en_US","og_type":"article","og_title":"Li\u00ean h\u1ec7 - HTX N\u00f4ng nghi\u1ec7p s\u1ed1 huy\u1ec7n B\u1eafc Quang | S\u1ea3n xu\u1ea5t v\u00e0 kinh doanh s\u1ea3n ph\u1ea9m n\u00f4ng nghi\u1ec7p - D\u1ecbch v\u1ee5 N\u00f4ng nghi\u1ec7p C\u00f4ng ngh\u1ec7 cao","og_description":"TH\u00d4NG TIN LI\u00caN H\u1ec6 \u0110\u1ecba ch\u1ec9 Th\u00f4n 3, X\u00e3 Quang B\u00ecnh, T\u1ec9nh Tuy\u00ean Quang S\u1ed1 \u0111i\u1ec7n tho\u1ea1i 0947.579.386 Email Nongnghiepsobacquang@gmail.com \u0110\u1ecba ch\u1ec9 li\u00ean h\u1ec7 Open Map Navigation","og_url":"https:\/\/nongnghiepsobacquang.com\/en\/contact-us\/","og_site_name":"HTX N\u00f4ng nghi\u1ec7p s\u1ed1 huy\u1ec7n B\u1eafc Quang | S\u1ea3n xu\u1ea5t v\u00e0 kinh doanh s\u1ea3n ph\u1ea9m n\u00f4ng nghi\u1ec7p - D\u1ecbch v\u1ee5 N\u00f4ng nghi\u1ec7p C\u00f4ng ngh\u1ec7 cao","article_modified_time":"2025-11-09T13:41:27+00:00","twitter_card":"summary_large_image","twitter_misc":{"Est. reading time":"1 minute"},"schema":{"@context":"https:\/\/schema.org","@graph":[{"@type":"WebPage","@id":"https:\/\/nongnghiepsobacquang.com\/contact-us\/","url":"https:\/\/nongnghiepsobacquang.com\/contact-us\/","name":"Li\u00ean h\u1ec7 - HTX N\u00f4ng nghi\u1ec7p s\u1ed1 huy\u1ec7n B\u1eafc Quang | S\u1ea3n xu\u1ea5t v\u00e0 kinh doanh s\u1ea3n ph\u1ea9m n\u00f4ng nghi\u1ec7p - D\u1ecbch v\u1ee5 N\u00f4ng nghi\u1ec7p C\u00f4ng ngh\u1ec7 cao","isPartOf":{"@id":"https:\/\/nongnghiepsobacquang.com\/#website"},"datePublished":"2025-09-15T09:21:47+00:00","dateModified":"2025-11-09T13:41:27+00:00","breadcrumb":{"@id":"https:\/\/nongnghiepsobacquang.com\/contact-us\/#breadcrumb"},"inLanguage":"en-US","potentialAction":[{"@type":"ReadAction","target":["https:\/\/nongnghiepsobacquang.com\/contact-us\/"]}]},{"@type":"BreadcrumbList","@id":"https:\/\/nongnghiepsobacquang.com\/contact-us\/#breadcrumb","itemListElement":[{"@type":"ListItem","position":1,"name":"Home","item":"https:\/\/nongnghiepsobacquang.com\/"},{"@type":"ListItem","position":2,"name":"Li\u00ean h\u1ec7"}]},{"@type":"WebSite","@id":"https:\/\/nongnghiepsobacquang.com\/#website","url":"https:\/\/nongnghiepsobacquang.com\/","name":"Bac Quang District Digital Agricultural Cooperative","description":"H\u1ee3p t\u00e1c x\u00e3 N\u00f4ng nghi\u1ec7p s\u1ed1 huy\u1ec7n B\u1eafc Quang \u0111\u01b0\u1ee3c th\u00e0nh l\u1eadp ng\u00e0y 10 th\u00e1ng 02 n\u0103m 2022, ho\u1ea1t \u0111\u1ed9ng trong l\u0129nh v\u1ef1c li\u00ean k\u1ebft tr\u1ed3ng, s\u1ea3n xu\u1ea5t v\u00e0 kinh doanh c\u00e1c s\u1ea3n ph\u1ea9m v\u00e0 d\u1ecbch v\u1ee5 n\u00f4ng nghi\u1ec7p.","publisher":{"@id":"https:\/\/nongnghiepsobacquang.com\/#organization"},"potentialAction":[{"@type":"SearchAction","target":{"@type":"EntryPoint","urlTemplate":"https:\/\/nongnghiepsobacquang.com\/?s={search_term_string}"},"query-input":{"@type":"PropertyValueSpecification","valueRequired":true,"valueName":"search_term_string"}}],"inLanguage":"en-US"},{"@type":"Organization","@id":"https:\/\/nongnghiepsobacquang.com\/#organization","name":"Bac Quang District Digital Agricultural Cooperative","url":"https:\/\/nongnghiepsobacquang.com\/","logo":{"@type":"ImageObject","inLanguage":"en-US","@id":"https:\/\/nongnghiepsobacquang.com\/#\/schema\/logo\/image\/","url":"https:\/\/nongnghiepsobacquang.com\/wp-content\/uploads\/2025\/10\/cropped-icon-HTX-HG-01.png","contentUrl":"https:\/\/nongnghiepsobacquang.com\/wp-content\/uploads\/2025\/10\/cropped-icon-HTX-HG-01.png","width":512,"height":512,"caption":"H\u1ee3p t\u00e1c x\u00e3 N\u00f4ng nghi\u1ec7p s\u1ed1 huy\u1ec7n B\u1eafc Quang"},"image":{"@id":"https:\/\/nongnghiepsobacquang.com\/#\/schema\/logo\/image\/"}}]}},"_links":{"self":[{"href":"https:\/\/nongnghiepsobacquang.com\/en\/wp-json\/wp\/v2\/pages\/1311","targetHints":{"allow":["GET"]}}],"collection":[{"href":"https:\/\/nongnghiepsobacquang.com\/en\/wp-json\/wp\/v2\/pages"}],"about":[{"href":"https:\/\/nongnghiepsobacquang.com\/en\/wp-json\/wp\/v2\/types\/page"}],"author":[{"embeddable":true,"href":"https:\/\/nongnghiepsobacquang.com\/en\/wp-json\/wp\/v2\/users\/1"}],"replies":[{"embeddable":true,"href":"https:\/\/nongnghiepsobacquang.com\/en\/wp-json\/wp\/v2\/comments?post=1311"}],"version-history":[{"count":22,"href":"https:\/\/nongnghiepsobacquang.com\/en\/wp-json\/wp\/v2\/pages\/1311\/revisions"}],"predecessor-version":[{"id":2341,"href":"https:\/\/nongnghiepsobacquang.com\/en\/wp-json\/wp\/v2\/pages\/1311\/revisions\/2341"}],"wp:attachment":[{"href":"https:\/\/nongnghiepsobacquang.com\/en\/wp-json\/wp\/v2\/media?parent=1311"}],"curies":[{"name":"wp","href":"https:\/\/api.w.org\/{rel}","templated":true}]}}